{"id":889,"date":"2015-07-02T05:10:48","date_gmt":"2015-07-02T05:10:48","guid":{"rendered":"http:\/\/stylemixthemes.com\/masterstudy\/demo\/?page_id=889"},"modified":"2024-03-21T05:16:24","modified_gmt":"2024-03-21T05:16:24","slug":"about-us","status":"publish","type":"page","link":"http:\/\/hidatidoloji.org\/?page_id=889","title":{"rendered":"Hakk\u0131m\u0131zda"},"content":{"rendered":"<style>\/*! elementor - v3.18.0 - 20-12-2023 *\/<br \/>\n.elementor-heading-title{padding:0;margin:0;line-height:1}.elementor-widget-heading .elementor-heading-title[class*=elementor-size-]>a{color:inherit;font-size:inherit;line-height:inherit}.elementor-widget-heading .elementor-heading-title.elementor-size-small{font-size:15px}.elementor-widget-heading .elementor-heading-title.elementor-size-medium{font-size:19px}.elementor-widget-heading .elementor-heading-title.elementor-size-large{font-size:29px}.elementor-widget-heading .elementor-heading-title.elementor-size-xl{font-size:39px}.elementor-widget-heading .elementor-heading-title.elementor-size-xxl{font-size:59px}<\/style>\n<p>Hakk\u0131m\u0131zda<\/p>\n<style>\/*! elementor - v3.18.0 - 20-12-2023 *\/<br \/>\n.elementor-widget-image{text-align:center}.elementor-widget-image a{display:inline-block}.elementor-widget-image a img[src$=\".svg\"]{width:48px}.elementor-widget-image img{vertical-align:middle;display:inline-block}<\/style>\n<p><img fetchpriority=\"high\" decoding=\"async\" src=\"http:\/\/hidatidoloji.org\/wp-content\/uploads\/2024\/01\/1-789x291.jpg\" sizes=\"(max-width: 789px) 100vw, 789px\" srcset=\"http:\/\/hidatidoloji.org\/wp-content\/uploads\/2024\/01\/1-789x291.jpg 789w, http:\/\/hidatidoloji.org\/wp-content\/uploads\/2024\/01\/1-300x111.jpg 300w, http:\/\/hidatidoloji.org\/wp-content\/uploads\/2024\/01\/1-768x283.jpg 768w, http:\/\/hidatidoloji.org\/wp-content\/uploads\/2024\/01\/1-600x221.jpg 600w, http:\/\/hidatidoloji.org\/wp-content\/uploads\/2024\/01\/1.jpg 792w\" alt=\"\" width=\"789\" height=\"291\" \/><\/p>\n<p>T\u00fcrkiye\u2019de bug\u00fcne kadar kistik ekinokokkozise (KE) neden olan <em>E.granulosus<\/em> ve alveolar ekinokokkozise (AE) neden olan <em>Echinococcus multilocularis<\/em> olmak \u00fczere iki t\u00fcr\u00fcn varl\u0131\u011f\u0131ndan s\u00f6z edilmektedir. Kistik ekinokokkozis \u00e7ok uzun y\u0131llard\u0131r bilinen ve helment hastal\u0131klar\u0131 i\u00e7inde, insan ve hayvan sa\u011fl\u0131\u011f\u0131n\u0131n yan\u0131s\u0131ra, sebep oldu\u011fu ekonomik kay\u0131plar nedeniyle de d\u00fcnyan\u0131n bir\u00e7ok b\u00f6lgesinde ve \u00fclkemizde halk sa\u011fl\u0131\u011f\u0131 problemi olarak \u00f6nemini koruyan paraziter bir hastal\u0131kt\u0131r. Kistik ekinokokkozis yurdumuzun her taraf\u0131nda yayg\u0131n olarak g\u00f6r\u00fcl\u00fcrken AE daha \u00e7ok do\u011fu b\u00f6lgelerimizde g\u00f6r\u00fclmektedir. \u0130nsanlardaki enfeksiyon olgular\u0131 b\u00fcy\u00fck oranda hastane kay\u0131tlar\u0131na dayanmakta olup toplum tabanl\u0131 tarama \u00e7al\u0131\u015fmas\u0131 azd\u0131r. Ancak gerek hastane kay\u0131tlar\u0131 gerekse son y\u0131llarda insanlar, k\u00f6pekler ve kesimlik hayvanlar \u00fczerinde yap\u0131lan epidemiyolojik \u00e7al\u0131\u015fmalar ile hastal\u0131\u011f\u0131n \u00fclkemizdeki durumu hakk\u0131nda az da olsa bilgi sahibi olunabilmi\u015ftir. Kistik ekinokokkozis Sa\u011fl\u0131k Bakanl\u0131\u011f\u0131 taraf\u0131ndan 2005 y\u0131l\u0131nda bildirimi zorunlu hastal\u0131klar kapsam\u0131na al\u0131nm\u0131\u015ft\u0131r.<\/p>\n<p>D\u00fcnyada son derece yayg\u0131nl\u0131\u011f\u0131 nedeniyle D\u00fcnya Hidatidoloji Federasyonuna sahip olan bu hastal\u0131kla m\u00fccadele edilebilmesi, hizmet \u00fcretilebilmesi amac\u0131yla \u00fclkemizde Hidatidoloji Derne\u011fi 1999 y\u0131l\u0131nda, Kurucu \u00dcyeler; Prof.Dr.Nazmiye Alt\u0131nta\u015f (Parazitoloji), Prof.Dr.Ali \u015e\u00fckr\u00fc Mente\u015f (Genel Cerrahi), Prof.Dr.H.Ayd\u0131nten Kuman (Parazitoloji), Do\u00e7.Dr.Ali Osman Karababa (Halk Sa\u011fl\u0131\u011f\u0131), Do\u00e7.Dr.Refik Killi (Radyoloji), Do\u00e7.Dr.Y\u00fcksel G\u00fcr\u00fcz (Parazitoloji), Do\u00e7.Dr.\u00d6mer \u00d6z\u00fctemiz (Gastroenteroloji) ve Uzm.Dr.Ay\u015feg\u00fcl Yolas\u0131\u011fmaz (Parazitoloji) taraf\u0131ndan hayata ge\u00e7irilmi\u015ftir. Y\u00f6netim Kurulu Ba\u015fkanl\u0131\u011f\u0131na Prof.Dr.Nazmiye Alt\u0131nta\u015f, Ba\u015fkan Yard\u0131mc\u0131l\u0131\u011f\u0131na Prof.Dr.Ali Mente\u015f, Muhasip \u00dcyeli\u011fe Do\u00e7.Dr.Ali Osman Karababa, Sekreterli\u011fe Uzm.Dr.Ay\u015feg\u00fcl Yolas\u0131\u011fmaz ve Y\u00f6netim Kurulu \u00fcyeli\u011fine Prof.Dr.Ayd\u0131nten Kuman getirilmi\u015ftir. Derne\u011fimizin kurulma a\u015famas\u0131ndan itibaren birlikte g\u00f6rev yapt\u0131\u011f\u0131m\u0131z sevgili arkada\u015flar\u0131m\u0131z ve de\u011ferli bilim insanlar\u0131 Say\u0131n merhum Prof.Dr.Ali \u015e\u00fckr\u00fc Mente\u015f ve Say\u0131n merhume Prof.Dr.H.Ayd\u0131nten Kuman\u2019\u0131 erken ya\u015flar\u0131nda kaybetmi\u015f olmak bizleri derin bir h\u00fczne bo\u011fmu\u015ftur. Kendileri her zaman g\u00f6n\u00fcllerimizde bizimle olaca\u011f\u0131 gibi, eserleri de t\u00fcm ara\u015ft\u0131rmac\u0131lara yararl\u0131 ve yol g\u00f6sterici olmaya devam edecektir<\/p>\n<p>T\u00fcrkiye Hidatidoloji Derne\u011fi\u2019nin kamu yarar\u0131na dernek oldu\u011fu ve \u201cT\u00fcrkiye\u201d ad\u0131n\u0131 kullanabilece\u011fi 2006 y\u0131l\u0131nda Bakanlar Kurulu karar\u0131 ile tescil edilmi\u015ftir.<\/p>\n<p>1999 y\u0131l\u0131ndan itibaren faaliyetine devam eden derne\u011fimizin 5 May\u0131s 2023 Cuma g\u00fcn\u00fc saat 14:00\u2019de elektronik ortamda yap\u0131lan son Ola\u011fan Genel Kurul toplant\u0131s\u0131 sonucunda Prof.Dr.Nazmiye Alt\u0131nta\u015f (Ba\u015fkan), Prof.Dr.Ufuk \u00c7obano\u011flu (Ba\u015fkan Yard\u0131mc\u0131s\u0131), Dr.\u00d6zge Sar\u0131ca Y\u0131lmaz (Sayman), Prof.Dr.Ay\u015feg\u00fcl \u00dcnver (Sekreter) ve Prof.Dr.\u00dclk\u00fc Karaman (Bas\u0131n Yay\u0131n Sorumlusus)\u2019dan olu\u015fan Y\u00f6netim Kurulu ve Prof.Dr.Hatice Ertabaklar (Ba\u015fkan), Prof.Dr.Nuray Alt\u0131nta\u015f (Ba\u015fkan Yard\u0131mc\u0131s\u0131) ve Dr.Eylem Akdur \u00d6zt\u00fcrk (\u00dcye)\u2019den olu\u015fan Denetleme Kurulu g\u00f6reve devam etmektedir.<\/p>\n<p>T\u00fcrkiye Hidatidoloji Derne\u011fi, hayvanlarda b\u00fcy\u00fck ekonomik kay\u0131plara, insanlarda i\u015f g\u00fcc\u00fcnde azalmaya ve hatta \u00f6l\u00fcmlere varabilen bu hastal\u0131kla m\u00fccadele eden kamu kurulu\u015flar\u0131yla ve kurulu\u015flarda \u00e7al\u0131\u015fan meslekta\u015flara, ara\u015ft\u0131rma kurumlar\u0131yla ve konu \u00fczerinde \u00e7al\u0131\u015facak sa\u011fl\u0131k personeli ile i\u015fbirli\u011fi yaparak yurdumuzda hidatidozun azalt\u0131lmas\u0131nda halk sa\u011fl\u0131\u011f\u0131 a\u00e7\u0131s\u0131ndan yard\u0131mc\u0131 olmay\u0131 ve t\u00fcz\u00fc\u011f\u00fcnde yer alan a\u015fa\u011f\u0131da belirtilen faaliyetlerde bulunmay\u0131 ama\u00e7 edinmi\u015ftir:<\/p>\n<ol>\n<li>Kist Hidatik hastal\u0131\u011f\u0131n\u0131n \u00fclkemizdeki yo\u011funlu\u011funun azalt\u0131lmas\u0131, kontrol alt\u0131na al\u0131nmas\u0131n\u0131 sa\u011flamak,<\/li>\n<li>Hidatidoloji bilimini \u00fclkemizde ilerletmek ve yayg\u0131nla\u015ft\u0131rmak,<\/li>\n<li>Hidatidoloji alan\u0131ndaki bilimsel \u00e7al\u0131\u015fmalar\u0131 her \u015fekilde te\u015fvik etmek ve \u00f6d\u00fcllendirmek,<\/li>\n<li>Hidatidoloji konusunda T\u00fcrkiye\u2019deki veri ve bilgilerin toplanmas\u0131n\u0131 sa\u011flayarak bilgi bankas\u0131 olu\u015fturmak ,<\/li>\n<li>Hidatidoloji ve ba\u011flant\u0131l\u0131 konularda bilimsel kongre, sempozyum, kurs, seminer ve benzeri toplant\u0131lar\u0131 d\u00fczenlemek ya da d\u00fczenlenen toplant\u0131lar\u0131 desteklemek ve katk\u0131da bulunmak,<\/li>\n<li>Hidatidoloji ve ba\u011flant\u0131l\u0131 konularda meslek \u00fcyelerini ve kamu oyunu her t\u00fcrl\u00fc bas\u0131n yay\u0131n arac\u0131 ile ayd\u0131nlatmak; bu konularda dergi, bro\u015f\u00fcr kitap gibi bilimsel yay\u0131nlar yapmak,<\/li>\n<li>Devletin \u201cf\u201d maddesine uygun ama\u00e7larla yapaca\u011f\u0131 sa\u011fl\u0131k e\u011fitimi hizmetlerine yard\u0131mc\u0131 olmak,<\/li>\n<\/ol>\n<ol>\n<li>Hidatidoloji alan\u0131nda benzer ama\u00e7l\u0131 ulusal ve uluslararas\u0131 kurulu\u015flar ile mesleki ve bilimsel ili\u015fki kurmak ve geli\u015ftirmek,<\/li>\n<li>Dernek \u00fcyelerine yenilikleri izleyebilmeleri ya da yayabilmeleri amac\u0131 ile yapacaklar\u0131 i\u00e7 ve d\u0131\u015f temaslar i\u00e7in olanaklar sa\u011flamak,<\/li>\n<li>Hidatidoloji konusunda \u00e7al\u0131\u015fmalar\u0131 desteklemek ve yaymak i\u00e7in kaynak olu\u015fturmak; bu ama\u00e7la vak\u0131f ve benzeri olu\u015fumlar kurmak.<\/li>\n<\/ol>\n<p>Derne\u011fimiz kurulduktan 3 ay sonra D\u00fcnya Hidatidoloji Federasyonu \u00fcyeli\u011fine kabul edilmi\u015f ve Dernek Y\u00f6netim Kurulu Ba\u015fkan\u0131 Prof.Dr.Nazmiye Alt\u0131nta\u015f 1999 y\u0131l\u0131nda Federasyon Y\u00f6netim Kurulu \u00fcyesi olmu\u015f, 2001-2009 y\u0131llar\u0131nda Federasyon Ba\u015fkan Yard\u0131mc\u0131l\u0131\u011f\u0131 g\u00f6revini \u00fcstlenmi\u015ftir. 2009 y\u0131l\u0131nda Uruguay\u2019da d\u00fczenlenmi\u015f olan 23.D\u00fcnya Hidatidoloji Kongresi esnas\u0131nda yap\u0131lan Genel Kurul toplant\u0131s\u0131nda Ba\u015fkan Yard\u0131mc\u0131l\u0131\u011f\u0131 g\u00f6revine tekrar se\u00e7ilmi\u015f ve ayr\u0131ca Y\u00f6netim Kurulu taraf\u0131ndan Ekinokok alan\u0131nda yapm\u0131\u015f oldu\u011fu katk\u0131lar nedeniyle kendisine \u201cD\u00fcnya Hidatidoloji Federasyonu Liyakat \u00d6d\u00fcl\u00fc\u201d verilmi\u015ftir. 2017 y\u0131l\u0131nda Cezayir\u2019de d\u00fczenlenmi\u015f olan 27. D\u00fcnya Ekinokokkozis Kongresi esnas\u0131nda yap\u0131lan Genel Kurul toplant\u0131s\u0131nda Ba\u015fkan Yard\u0131mc\u0131l\u0131\u011f\u0131 g\u00f6revine tekrar se\u00e7ilmi\u015ftir.\u00a0 2019 y\u0131l\u0131nda Peru\u2019da d\u00fczenlenen 28. D\u00fcnya Ekinokokkozis Kongresi esnas\u0131nda yap\u0131lan Genel Kurul toplant\u0131s\u0131nda ise Federasyon Ba\u015fkan\u0131 olarak se\u00e7ilmi\u015ftir ve g\u00f6revi halen devam etmektedir.<\/p>\n<p>Derne\u011fimiz, kurulu\u015f tarihi olan 07.10.1999\u2019dan bu yana bir D\u00fcnya, \u00a010 Ulusal ve 3 Uluslararas\u0131 Hidatidoloji Kongresi d\u00fczenlemi\u015ftir:<\/p>\n<p>20.D\u00fcnya Hidatidoloji Kongresi: Derne\u011fimiz kurulur kurulmaz 40. y\u0131l\u0131n\u0131 kutlayan 20.D\u00fcnya Hidatidoloji Kongresini, 4-8 Haziran 2001 tarihleri aras\u0131nda Ku\u015fadas\u0131\u2019nda Hotel Pine Bay\u2019de, 35 \u00fclkeden 225 bilim insan\u0131n\u0131n kat\u0131l\u0131m\u0131 ile T\u00fcrkiye\u2019de ilk kez ba\u015far\u0131yla ger\u00e7ekle\u015ftirmi\u015ftir. 20.D\u00fcnya Hidatidoloji Kongresi sonras\u0131 kongrede sunulan bildirilerin b\u00fcy\u00fck bir k\u0131sm\u0131 edit\u00f6rl\u00fc\u011f\u00fcn\u00fc Prof.Dr.Nazmiye Alt\u0131nta\u015f ile Prof.Dr.Peter Schantz\u2019\u0131n yapm\u0131\u015f oldu\u011fu \u00f6zel bir say\u0131da 2003 y\u0131l\u0131nda (Acta Tropica- Special Issue \u201cNew Dimensions in Hydatidology in the New Millennium\u201d) yay\u0131nlanm\u0131\u015ft\u0131r. Derne\u011fimiz bu faaliyetlerini ger\u00e7ekle\u015ftirirken \u00fcyesi oldu\u011fu D\u00fcnya Hidatidoloji Federasyonu taraf\u0131ndan desteklenmi\u015ftir. 8 Haziran 2001 tarihinde uluslararas\u0131 kongre ile birlikte 1.Ulusal Hidatidoloji Kongresi de ba\u015flat\u0131lm\u0131\u015ft\u0131r. 11.Ulusal ve 4.Uluslararas\u0131 Hidatidoloji Kongresi ise 2-4 Ekim 2024 tarihlerinde Trakya \u00dcniversitesi ile ortakla\u015fa d\u00fczenlenecektir.<\/p>\n<p>Kongrelerimiz;<\/p>\n<p>1.Ulusal Hidatidoloji Kongresi, 8 Haziran 2001, Pine Bay Hotel, KU\u015eADASI<\/p>\n<p>2.Ulusal Hidatidoloji Kongresi (Uluslararas\u0131 Kat\u0131l\u0131ml\u0131), 15-18 Eyl\u00fcl 2004, Holiday Inn Hotel-Resort, BURSA<\/p>\n<p>3.Ulusal Hidatidoloji Kongresi (Uluslararas\u0131 Kat\u0131l\u0131ml\u0131), 6-9 Eyl\u00fcl 2006, Tepe Otel, SAMSUN<\/p>\n<p>4.Ulusal Hidatidoloji Kongresi, 25-28 Haziran 2008, MALATYA<\/p>\n<p>5.Ulusal Hidatidoloji Kongresi, 22-25 Eyl\u00fcl 2010, ANTAKYA<\/p>\n<p>6.Ulusal Hidatidoloji Kongresi (Uluslararas\u0131 Kat\u0131l\u0131ml\u0131), 12-15 Eyl\u00fcl 2012, GAZ\u0130ANTEP<\/p>\n<p>7.Ulusal Hidatidoloji Kongresi, 4-7 Eyl\u00fcl 2014, ORDU<\/p>\n<p>8.Ulusal ve 1.Uluslararas\u0131 Hidatidoloji Kongresi, 13-15 Nisan 2017, \u00c7ORUM<\/p>\n<p>9.Ulusal ve 2.Uluslararas\u0131 Hidatidoloji Kongresi, 14-17 Kas\u0131m 2018, LEFKO\u015eE-KKTC<\/p>\n<p>10.Ulusal ve 3.Uluslararas\u0131 Hidatidoloji Kongresi, 4-6 \u015eubat 2022, \u0130ZM\u0130R (Online).<\/p>\n<p>Ulusal Kongrelerimizden 16-19 Eyl\u00fcl 2004 tarihleri aras\u0131nda Ege \u00dcniversitesi ve Uluda\u011f \u00dcniversitesi T\u0131p Fak\u00fclteleri ve Uluda\u011f \u00dcniversitesi Veteriner Fak\u00fcltesi i\u015fbirli\u011fi ile d\u00fczenlenmi\u015f olan 2.Ulusal (Uluslararas\u0131 Kat\u0131l\u0131ml\u0131) Hidatidoloji Kongresi\u2019nde, farkl\u0131 \u00fcniversitelerde ve farkl\u0131 disiplinlerdeki kist hidatik ara\u015ft\u0131rmac\u0131lar\u0131 bir araya gelerek \u201c\u0130nsanlarda ve Hayvanlarda Echinococcosis\u201d adl\u0131 kitab\u0131n bas\u0131m\u0131n\u0131 ger\u00e7ekle\u015ftirmi\u015flerdir. Ayn\u0131 kongrede Sa\u011fl\u0131k Bakanl\u0131\u011f\u0131 ve Tar\u0131m-K\u00f6yi\u015fleri Bakanl\u0131\u011f\u0131 yetkilileri ile yurt genelinde \u201cEkinokok Kontrol Program\u0131\u201d uygulanmas\u0131n\u0131 sa\u011flayabilmek amac\u0131 ile ortak \u00e7al\u0131\u015fmalar ba\u015flat\u0131lm\u0131\u015ft\u0131r. Ard\u0131ndan 2005 y\u0131l\u0131nda Ankara\u2019da Sa\u011fl\u0131k Bakanl\u0131\u011f\u0131n\u0131n daveti ile Dernek Y\u00f6netimi ve \u00fcyelerimizin kat\u0131ld\u0131\u011f\u0131 bir toplant\u0131 ger\u00e7ekle\u015fmi\u015ftir. Toplant\u0131da al\u0131nan karar gere\u011fi T\u00fcrkiye Hidatidoloji Derne\u011fi taraf\u0131ndan haz\u0131rlanm\u0131\u015f bir proje Sa\u011fl\u0131k Bakanl\u0131\u011f\u0131\u2019na sunulmu\u015ftur.<\/p>\n<p>Bu kapsamda 24-25 Kas\u0131m 2010 tarihlerinde \u0130stanbul&#8217;da TAIEX ve Tar\u0131m ve K\u00f6yi\u015fleri Bakanl\u0131\u011f\u0131 Koruma ve Kontrol Genel M\u00fcd\u00fcrl\u00fc\u011f\u00fc taraf\u0131ndan organize edilerek d\u00fczenlenen &#8220;Ekinokokkozis ve Hidatik Kistin Koruma ve Kontrol Stratejileri \u0130le \u0130zleme ve Raporlama&#8221; konulu \u00c7al\u0131\u015ftay&#8217;a Derne\u011fimizi temsilen Prof.Dr.Nazmiye Alt\u0131nta\u015f, Prof.Dr.Ali Osman Karababa ve Do\u00e7.Dr.Ay\u015feg\u00fcl \u00dcnver Yolas\u0131\u011fmaz kat\u0131lm\u0131\u015flard\u0131r. \u00c7al\u0131\u015ftaya Bulgaristan, \u0130ngiltere, \u0130talya, L\u00fcksemburg ve Slovenya\u2019dan da konu\u015fmac\u0131lar kat\u0131lm\u0131\u015flard\u0131r. Ayr\u0131ca Tar\u0131m ve K\u00f6yi\u015fleri Bakanl\u0131\u011f\u0131na ba\u011fl\u0131 Enstit\u00fcler, Sa\u011fl\u0131k Bakanl\u0131\u011f\u0131, \u00c7evre ve Orman Bakanl\u0131\u011f\u0131 temsilcileri ile B\u00fcy\u00fck\u015fehir Belediye Ba\u015fkanl\u0131klar\u0131, Veteriner Fak\u00fclteleri, \u00e7e\u015fitli Veteriner Hekimler Odalar\u0131 ve Tar\u0131m il M\u00fcd\u00fcrl\u00fcklerinin Hayvan Sa\u011fl\u0131\u011f\u0131 \u015eube M\u00fcd\u00fcrleri ile \u00f6zel kesimhanelerin sorumlu y\u00f6neticilerinden temsilciler kat\u0131lm\u0131\u015f ve d\u00fcnyada yap\u0131lan \u00e7al\u0131\u015fmalar\u0131n \u0131\u015f\u0131\u011f\u0131 alt\u0131nda \u00fclkemizde ba\u015flat\u0131labilecek kontrol program\u0131 tart\u0131\u015f\u0131lm\u0131\u015ft\u0131r.<\/p>\n<p>19 Temmuz 2012 tarihinde Sa\u011fl\u0131k Bakanl\u0131\u011f\u0131 Halk Sa\u011fl\u0131\u011f\u0131 Kurumu Ba\u015fkan Yard\u0131mc\u0131s\u0131 Say\u0131n Dr.Mehmet Ali Toruno\u011flu ba\u015fkanl\u0131\u011f\u0131nda, kistik ekinokokkozisin \u00fclkemizde kontrolu amac\u0131yla bir \u00e7al\u0131\u015fma ba\u015flat\u0131lmas\u0131 planland\u0131\u011f\u0131, s\u00f6z konusu enfeksiyonun kontrol alt\u0131na al\u0131nabilmesi i\u00e7in ba\u015flat\u0131lacak \u00e7al\u0131\u015fman\u0131n g\u00f6r\u00fc\u015f\u00fclmesi ve bir proje haz\u0131rlanmas\u0131 amac\u0131yla G\u0131da, Tar\u0131m ve Hayvanc\u0131l\u0131k Bakanl\u0131\u011f\u0131ndan bir temsilci, Orman ve Su \u0130\u015fleri Bakanl\u0131\u011f\u0131ndan bir temsilci olmak \u00fczere 17 bilim insan\u0131ndan olu\u015fan \u00e7al\u0131\u015fma grubu toplant\u0131ya davet edilmi\u015ftir.<\/p>\n<p>Son olarak Kas\u0131m 2018 ve \u015eubat 2019 tarihlerinde Sa\u011fl\u0131k Bakanl\u0131\u011f\u0131 taraf\u0131ndan organize edilen \u00c7al\u0131\u015ftaylar d\u00fczenlenmi\u015f ve Kontrol Program\u0131 Projesi tasla\u011f\u0131na son hali verilmi\u015ftir. Olu\u015fturulan Kist Hidatik Komisyonunda Prof.Dr.Nazmiye Alt\u0131nta\u015f 2024 y\u0131l\u0131na kadar komisyon ba\u015fkan\u0131 olarak g\u00f6rev yapm\u0131\u015ft\u0131r.<\/p>\n<p>Derne\u011fimiz \u00fclke genelinde bir kontrol program\u0131 olu\u015fturma \u00e7abalar\u0131n\u0131 s\u00fcrd\u00fcr\u00fcrken ayn\u0131 zamanda e\u011fitim \u00e7al\u0131\u015fmalar\u0131na da h\u0131z vermi\u015ftir. Dernek Y\u00f6netim Kurulu \u00dcyeleri ilk\u00f6\u011fretim okullar\u0131nda (\u015fu ana kadar \u0130zmir ve civar\u0131nda) yakla\u015f\u0131k 100\u2019e yak\u0131n ilk\u00f6\u011fretim okulunda hastal\u0131\u011f\u0131n bula\u015fma yolu ve korunmas\u0131na y\u00f6nelik e\u011fitim etkinlikleri d\u00fczenlemi\u015flerdir. Derne\u011fimiz, Ege \u00dcniversitesi Dekanl\u0131\u011f\u0131 ve Parazitoloji Anabilim Dal\u0131 i\u015f birli\u011fi ile 2005-2020 y\u0131llar\u0131 aras\u0131nda \u201cKist Hidatik Nedir?\u201d konusunda \u00f6\u011frencileri ve halk\u0131m\u0131z\u0131 bilgilendirmeye y\u00f6nelik bro\u015f\u00fcrler haz\u0131rlam\u0131\u015f ve 15.000\u2019nin \u00fczerinde bro\u015f\u00fcr da\u011f\u0131t\u0131lm\u0131\u015ft\u0131r. Ayr\u0131ca 2 Ocak 2019 y\u0131l\u0131nda Avrupa Birli\u011fi mali yard\u0131mlar\u0131 kapsam\u0131nda Merkezi Finans ve \u0130hale Birimi s\u00f6zle\u015fme makam\u0131 ile imzalanan TR2014\/DG\/04\/A1-04-293 say\u0131l\u0131 ve \u201cCreating Awareness of Cyst Hydatid Disease in Izmir Province \/ Kist Hidatik Hastal\u0131\u011f\u0131 Fark\u0131ndal\u0131k Yaratma\u201d konulu Avrupa Birli\u011fi projesi kapsam\u0131nda 10 ayr\u0131 il\u00e7ede (Alia\u011fa, Bay\u0131nd\u0131r, Bergama, Karaburun, Kemalpa\u015fa, Kiraz, \u00d6demi\u015f, Sel\u00e7uk, Tire ve Urla) ilk\u00f6\u011fretim \u00f6\u011frencileri bilgilendirme seminerleri ger\u00e7ekle\u015ftirilmi\u015ftir (www.kopekkistifarkindalik.com). E\u011fitim seminerlerimize 26 okuldan 2127 k\u0131z (%52) 1963 erkek (%48) olmak \u00fczere 4060 \u00f6\u011frenci, 150\u2019si kad\u0131n (%58,21), 92\u2019si erkek (%41,79) olmak \u00fczere toplam 242 idari \u00e7al\u0131\u015fan ve \u00f6\u011fretmen kat\u0131lm\u0131\u015ft\u0131r.<\/p>\n<p>E\u011fitim \u00e7al\u0131\u015fmalar\u0131n\u0131n bir di\u011fer alan\u0131 toplumu bilgilendirme \u00e7al\u0131\u015fmalar\u0131d\u0131r. Derne\u011fimiz, Belediye Veteriner Hekimleri Derne\u011fi ile birlikte 2018 y\u0131l\u0131nda 3 ayr\u0131 il\u00e7ede bilgilendirme toplant\u0131lar\u0131 d\u00fczenlemi\u015ftir. Halk\u0131 bilgilendirme toplant\u0131lar\u0131 Avrupa Birli\u011fi projesi kapsam\u0131nda devam etmi\u015f ve bilgilendirme seminerlerimize 305 kad\u0131n (%58,21), 219 erkek (%41,79) olmak \u00fczere toplam 524 ki\u015fi kat\u0131lm\u0131\u015ft\u0131r. Ayr\u0131ca 183\u2019\u00fc kad\u0131n (%55,96), 144\u2019\u00fc erkek (%44,04) olmak \u00fczere toplam 327 sa\u011fl\u0131k \u00e7al\u0131\u015fan\u0131 da seminerlerimize kat\u0131l\u0131m ve katk\u0131 sa\u011flam\u0131\u015flard\u0131r.<\/p>\n<p>Yukar\u0131da belirtilen bilimsel etkinlikler Derne\u011fin esas ama\u00e7lar\u0131ndan biri olan \u00fclkemizde bu konuda \u00e7al\u0131\u015fan farkl\u0131 disiplinlerdeki (Parazitoloji, Cerrahi, Radyoloji, Gastroenteroloji ve Halk Sa\u011fl\u0131\u011f\u0131 bilimleri, Veteriner Hekimlik gibi) ara\u015ft\u0131rmac\u0131lar\u0131 ve uygulay\u0131c\u0131lar\u0131 biraraya getirmi\u015f, i\u015f birli\u011fi yapmalar\u0131na olanak sa\u011flam\u0131\u015ft\u0131r ve sa\u011flamaya devam etmektedir.<\/p>\n<p><img decoding=\"async\" src=\"http:\/\/hidatidoloji.org\/wp-content\/uploads\/2024\/01\/ali-1.jpg\" \/><br \/>\nProf.Dr. Ali \u015e\u00fckr\u00fc MENTE\u015e<br \/>\n<img decoding=\"async\" src=\"http:\/\/hidatidoloji.org\/wp-content\/uploads\/2024\/01\/aydinten2.jpg\" \/><br \/>\nProf.Dr. H. Ayd\u0131nten KUMAN<\/p>\n","protected":false},"excerpt":{"rendered":"<p>Hakk\u0131m\u0131zda T\u00fcrkiye\u2019de bug\u00fcne kadar kistik ekinokokkozise (KE) neden olan E.granulosus ve alveolar ekinokokkozise (AE) neden olan Echinococcus multilocularis olmak \u00fczere iki t\u00fcr\u00fcn varl\u0131\u011f\u0131ndan s\u00f6z edilmektedir. Kistik ekinokokkozis \u00e7ok uzun y\u0131llard\u0131r bilinen ve helment hastal\u0131klar\u0131 i\u00e7inde, insan ve hayvan sa\u011fl\u0131\u011f\u0131n\u0131n yan\u0131s\u0131ra, sebep oldu\u011fu ekonomik kay\u0131plar nedeniyle de d\u00fcnyan\u0131n bir\u00e7ok b\u00f6lgesinde ve \u00fclkemizde halk sa\u011fl\u0131\u011f\u0131 problemi olarak [&hellip;]<\/p>\n","protected":false},"author":1,"featured_media":0,"parent":0,"menu_order":0,"comment_status":"closed","ping_status":"closed","template":"","meta":{"footnotes":""},"_links":{"self":[{"href":"http:\/\/hidatidoloji.org\/index.php?rest_route=\/wp\/v2\/pages\/889"}],"collection":[{"href":"http:\/\/hidatidoloji.org\/index.php?rest_route=\/wp\/v2\/pages"}],"about":[{"href":"http:\/\/hidatidoloji.org\/index.php?rest_route=\/wp\/v2\/types\/page"}],"author":[{"embeddable":true,"href":"http:\/\/hidatidoloji.org\/index.php?rest_route=\/wp\/v2\/users\/1"}],"replies":[{"embeddable":true,"href":"http:\/\/hidatidoloji.org\/index.php?rest_route=%2Fwp%2Fv2%2Fcomments&post=889"}],"version-history":[{"count":8,"href":"http:\/\/hidatidoloji.org\/index.php?rest_route=\/wp\/v2\/pages\/889\/revisions"}],"predecessor-version":[{"id":6148,"href":"http:\/\/hidatidoloji.org\/index.php?rest_route=\/wp\/v2\/pages\/889\/revisions\/6148"}],"wp:attachment":[{"href":"http:\/\/hidatidoloji.org\/index.php?rest_route=%2Fwp%2Fv2%2Fmedia&parent=889"}],"curies":[{"name":"wp","href":"https:\/\/api.w.org\/{rel}","templated":true}]}}