{"id":779,"date":"2015-06-30T07:00:35","date_gmt":"2015-06-30T07:00:35","guid":{"rendered":"http:\/\/stylemixthemes.com\/masterstudy\/demo\/?page_id=779"},"modified":"2024-01-25T06:26:59","modified_gmt":"2024-01-25T06:26:59","slug":"pricing-plans","status":"publish","type":"page","link":"http:\/\/hidatidoloji.org\/?page_id=779","title":{"rendered":"Denetim Kurulu"},"content":{"rendered":"\t\t<div data-elementor-type=\"wp-page\" data-elementor-id=\"779\" class=\"elementor elementor-779\">\n\t\t\t\t<div class=\"elementor-element elementor-element-f1a571e e-flex e-con-boxed e-con e-parent\" data-id=\"f1a571e\" data-element_type=\"container\" data-core-v316-plus=\"true\">\n\t\t\t\t\t<div class=\"e-con-inner\">\n\t\t<div class=\"elementor-element elementor-element-c156033 e-con-full e-flex e-con e-child\" data-id=\"c156033\" data-element_type=\"container\">\n\t\t\t\t<div class=\"elementor-element elementor-element-c7f8cea elementor-widget elementor-widget-image\" data-id=\"c7f8cea\" data-element_type=\"widget\" data-widget_type=\"image.default\">\n\t\t\t\t<div class=\"elementor-widget-container\">\n\t\t\t<style>\/*! elementor - v3.20.0 - 20-03-2024 *\/\n.elementor-widget-image{text-align:center}.elementor-widget-image a{display:inline-block}.elementor-widget-image a img[src$=\".svg\"]{width:48px}.elementor-widget-image img{vertical-align:middle;display:inline-block}<\/style>\t\t\t\t\t\t\t\t\t\t<img decoding=\"async\" width=\"150\" height=\"150\" src=\"http:\/\/hidatidoloji.org\/wp-content\/uploads\/2024\/01\/d1-150x150.png\" class=\"attachment-thumbnail size-thumbnail wp-image-5300\" alt=\"\" srcset=\"http:\/\/hidatidoloji.org\/wp-content\/uploads\/2024\/01\/d1-150x150.png 150w, http:\/\/hidatidoloji.org\/wp-content\/uploads\/2024\/01\/d1-300x300.png 300w, http:\/\/hidatidoloji.org\/wp-content\/uploads\/2024\/01\/d1-129x129.png 129w, http:\/\/hidatidoloji.org\/wp-content\/uploads\/2024\/01\/d1-75x75.png 75w, http:\/\/hidatidoloji.org\/wp-content\/uploads\/2024\/01\/d1-69x69.png 69w, http:\/\/hidatidoloji.org\/wp-content\/uploads\/2024\/01\/d1-100x100.png 100w, http:\/\/hidatidoloji.org\/wp-content\/uploads\/2024\/01\/d1.png 500w\" sizes=\"(max-width: 150px) 100vw, 150px\" \/>\t\t\t\t\t\t\t\t\t\t\t\t\t<\/div>\n\t\t\t\t<\/div>\n\t\t\t\t<\/div>\n\t\t<div class=\"elementor-element elementor-element-dae1f3d e-con-full e-flex e-con e-child\" data-id=\"dae1f3d\" data-element_type=\"container\">\n\t\t\t\t<div class=\"elementor-element elementor-element-72ebaaa elementor-widget elementor-widget-text-editor\" data-id=\"72ebaaa\" data-element_type=\"widget\" data-widget_type=\"text-editor.default\">\n\t\t\t\t<div class=\"elementor-widget-container\">\n\t\t\t<style>\/*! elementor - v3.20.0 - 20-03-2024 *\/\n.elementor-widget-text-editor.elementor-drop-cap-view-stacked .elementor-drop-cap{background-color:#69727d;color:#fff}.elementor-widget-text-editor.elementor-drop-cap-view-framed .elementor-drop-cap{color:#69727d;border:3px solid;background-color:transparent}.elementor-widget-text-editor:not(.elementor-drop-cap-view-default) .elementor-drop-cap{margin-top:8px}.elementor-widget-text-editor:not(.elementor-drop-cap-view-default) .elementor-drop-cap-letter{width:1em;height:1em}.elementor-widget-text-editor .elementor-drop-cap{float:left;text-align:center;line-height:1;font-size:50px}.elementor-widget-text-editor .elementor-drop-cap-letter{display:inline-block}<\/style>\t\t\t\t<p>Prof.Dr. Hatice ERTABAKLAR<br \/>Ayd\u0131n Adnan Menderes \u00dcniversitesi, T\u0131p Fak\u00fcltesi, Parazitoloji Anabilim Dal\u0131, AYDIN<br \/>E-posta: hatice@adu.edu.tr<\/p>\n\t\t\t\t\t\t<\/div>\n\t\t\t\t<\/div>\n\t\t\t\t<\/div>\n\t\t\t\t\t<\/div>\n\t\t\t\t<\/div>\n\t\t<div class=\"elementor-element elementor-element-c27b695 e-flex e-con-boxed e-con e-parent\" data-id=\"c27b695\" data-element_type=\"container\" data-core-v316-plus=\"true\">\n\t\t\t\t\t<div class=\"e-con-inner\">\n\t\t<div class=\"elementor-element elementor-element-d51da2c e-con-full e-flex e-con e-child\" data-id=\"d51da2c\" data-element_type=\"container\">\n\t\t\t\t<div class=\"elementor-element elementor-element-f3800c6 elementor-widget elementor-widget-image\" data-id=\"f3800c6\" data-element_type=\"widget\" data-widget_type=\"image.default\">\n\t\t\t\t<div class=\"elementor-widget-container\">\n\t\t\t\t\t\t\t\t\t\t\t\t\t<img decoding=\"async\" width=\"150\" height=\"150\" src=\"http:\/\/hidatidoloji.org\/wp-content\/uploads\/2024\/01\/d2-150x150.png\" class=\"attachment-thumbnail size-thumbnail wp-image-5301\" alt=\"\" srcset=\"http:\/\/hidatidoloji.org\/wp-content\/uploads\/2024\/01\/d2-150x150.png 150w, http:\/\/hidatidoloji.org\/wp-content\/uploads\/2024\/01\/d2-300x300.png 300w, http:\/\/hidatidoloji.org\/wp-content\/uploads\/2024\/01\/d2-129x129.png 129w, http:\/\/hidatidoloji.org\/wp-content\/uploads\/2024\/01\/d2-75x75.png 75w, http:\/\/hidatidoloji.org\/wp-content\/uploads\/2024\/01\/d2-69x69.png 69w, http:\/\/hidatidoloji.org\/wp-content\/uploads\/2024\/01\/d2-100x100.png 100w, http:\/\/hidatidoloji.org\/wp-content\/uploads\/2024\/01\/d2.png 500w\" sizes=\"(max-width: 150px) 100vw, 150px\" \/>\t\t\t\t\t\t\t\t\t\t\t\t\t<\/div>\n\t\t\t\t<\/div>\n\t\t\t\t<\/div>\n\t\t<div class=\"elementor-element elementor-element-5abcde9 e-con-full e-flex e-con e-child\" data-id=\"5abcde9\" data-element_type=\"container\">\n\t\t\t\t<div class=\"elementor-element elementor-element-7b131d2 elementor-widget elementor-widget-text-editor\" data-id=\"7b131d2\" data-element_type=\"widget\" data-widget_type=\"text-editor.default\">\n\t\t\t\t<div class=\"elementor-widget-container\">\n\t\t\t\t\t\t\t<p>Prof.Dr. Nuray ALTINTA\u015e<br \/>Manisa Celal Bayar \u00dcniversitesi, T\u0131p Fak\u00fcltesi, T\u0131bbi Biyoloji Anabilim Dal\u0131, Uncubozk\u00f6y- MAN\u0130SA<br \/>E-posta: naltintas35@gmail.com<\/p>\n<p>\u00a0<\/p>\n\t\t\t\t\t\t<\/div>\n\t\t\t\t<\/div>\n\t\t\t\t<\/div>\n\t\t\t\t\t<\/div>\n\t\t\t\t<\/div>\n\t\t<div class=\"elementor-element elementor-element-4cdf6fb e-flex e-con-boxed e-con e-parent\" data-id=\"4cdf6fb\" data-element_type=\"container\" data-core-v316-plus=\"true\">\n\t\t\t\t\t<div class=\"e-con-inner\">\n\t\t<div class=\"elementor-element elementor-element-0b99347 e-con-full e-flex e-con e-child\" data-id=\"0b99347\" data-element_type=\"container\">\n\t\t\t\t<div class=\"elementor-element elementor-element-2861fc4 elementor-widget elementor-widget-image\" data-id=\"2861fc4\" data-element_type=\"widget\" data-widget_type=\"image.default\">\n\t\t\t\t<div class=\"elementor-widget-container\">\n\t\t\t\t\t\t\t\t\t\t\t\t\t<img decoding=\"async\" width=\"150\" height=\"150\" src=\"http:\/\/hidatidoloji.org\/wp-content\/uploads\/2024\/01\/d3-150x150.png\" class=\"attachment-thumbnail size-thumbnail wp-image-5302\" alt=\"\" srcset=\"http:\/\/hidatidoloji.org\/wp-content\/uploads\/2024\/01\/d3-150x150.png 150w, http:\/\/hidatidoloji.org\/wp-content\/uploads\/2024\/01\/d3-300x300.png 300w, http:\/\/hidatidoloji.org\/wp-content\/uploads\/2024\/01\/d3-129x129.png 129w, http:\/\/hidatidoloji.org\/wp-content\/uploads\/2024\/01\/d3-75x75.png 75w, http:\/\/hidatidoloji.org\/wp-content\/uploads\/2024\/01\/d3-69x69.png 69w, http:\/\/hidatidoloji.org\/wp-content\/uploads\/2024\/01\/d3-100x100.png 100w, http:\/\/hidatidoloji.org\/wp-content\/uploads\/2024\/01\/d3.png 500w\" sizes=\"(max-width: 150px) 100vw, 150px\" \/>\t\t\t\t\t\t\t\t\t\t\t\t\t<\/div>\n\t\t\t\t<\/div>\n\t\t\t\t<\/div>\n\t\t<div class=\"elementor-element elementor-element-a09d25c e-con-full e-flex e-con e-child\" data-id=\"a09d25c\" data-element_type=\"container\">\n\t\t\t\t<div class=\"elementor-element elementor-element-22fef3d elementor-widget elementor-widget-text-editor\" data-id=\"22fef3d\" data-element_type=\"widget\" data-widget_type=\"text-editor.default\">\n\t\t\t\t<div class=\"elementor-widget-container\">\n\t\t\t\t\t\t\t<p>Dr. Eylem AKDUR \u00d6ZT\u00dcRK<br \/>\u00c7ukurova \u00dcniversitesi, T\u0131p Fak\u00fcltesi, Parazitoloji Anabilim Dal\u0131, ADANA<br \/>E-posta: akdureylem@gmail.com<\/p>\n\t\t\t\t\t\t<\/div>\n\t\t\t\t<\/div>\n\t\t\t\t<\/div>\n\t\t\t\t\t<\/div>\n\t\t\t\t<\/div>\n\t\t\t\t<\/div>\n\t\t","protected":false},"excerpt":{"rendered":"<p>Prof.Dr. Hatice ERTABAKLARAyd\u0131n Adnan Menderes \u00dcniversitesi, T\u0131p Fak\u00fcltesi, Parazitoloji Anabilim Dal\u0131, AYDINE-posta: hatice@adu.edu.tr Prof.Dr. Nuray ALTINTA\u015eManisa Celal Bayar \u00dcniversitesi, T\u0131p Fak\u00fcltesi, T\u0131bbi Biyoloji Anabilim Dal\u0131, Uncubozk\u00f6y- MAN\u0130SAE-posta: naltintas35@gmail.com \u00a0 Dr. Eylem AKDUR \u00d6ZT\u00dcRK\u00c7ukurova \u00dcniversitesi, T\u0131p Fak\u00fcltesi, Parazitoloji Anabilim Dal\u0131, ADANAE-posta: akdureylem@gmail.com<\/p>\n","protected":false},"author":1,"featured_media":0,"parent":0,"menu_order":0,"comment_status":"closed","ping_status":"closed","template":"","meta":{"footnotes":""},"_links":{"self":[{"href":"http:\/\/hidatidoloji.org\/index.php?rest_route=\/wp\/v2\/pages\/779"}],"collection":[{"href":"http:\/\/hidatidoloji.org\/index.php?rest_route=\/wp\/v2\/pages"}],"about":[{"href":"http:\/\/hidatidoloji.org\/index.php?rest_route=\/wp\/v2\/types\/page"}],"author":[{"embeddable":true,"href":"http:\/\/hidatidoloji.org\/index.php?rest_route=\/wp\/v2\/users\/1"}],"replies":[{"embeddable":true,"href":"http:\/\/hidatidoloji.org\/index.php?rest_route=%2Fwp%2Fv2%2Fcomments&post=779"}],"version-history":[{"count":4,"href":"http:\/\/hidatidoloji.org\/index.php?rest_route=\/wp\/v2\/pages\/779\/revisions"}],"predecessor-version":[{"id":5306,"href":"http:\/\/hidatidoloji.org\/index.php?rest_route=\/wp\/v2\/pages\/779\/revisions\/5306"}],"wp:attachment":[{"href":"http:\/\/hidatidoloji.org\/index.php?rest_route=%2Fwp%2Fv2%2Fmedia&parent=779"}],"curies":[{"name":"wp","href":"https:\/\/api.w.org\/{rel}","templated":true}]}}