{"id":5709,"date":"2024-01-30T13:18:18","date_gmt":"2024-01-30T13:18:18","guid":{"rendered":"http:\/\/hidatidoloji.org\/?page_id=5709"},"modified":"2024-02-02T08:34:02","modified_gmt":"2024-02-02T08:34:02","slug":"kist-hidatik-nedir","status":"publish","type":"page","link":"http:\/\/hidatidoloji.org\/?page_id=5709","title":{"rendered":"Kist Hidatik Nedir?"},"content":{"rendered":"\t\t<div data-elementor-type=\"wp-page\" data-elementor-id=\"5709\" class=\"elementor elementor-5709\">\n\t\t\t\t<div class=\"elementor-element elementor-element-f845504 e-flex e-con-boxed e-con e-parent\" data-id=\"f845504\" data-element_type=\"container\" data-core-v316-plus=\"true\">\n\t\t\t\t\t<div class=\"e-con-inner\">\n\t\t\t\t<div class=\"elementor-element elementor-element-b7ee1c5 elementor-widget elementor-widget-stm_color_separator\" data-id=\"b7ee1c5\" data-element_type=\"widget\" data-widget_type=\"stm_color_separator.default\">\n\t\t\t\t<div class=\"elementor-widget-container\">\n\t\t\t\n<div class=\"stm_colored_separator masterstudy_elementor_color_separator_ module__9146df8bb2428dbfa7d966ca88531259\">\n\t<div class=\"triangled_colored_separator\">\n\t\t<div class=\"triangle\"><\/div>\n\t<\/div>\n<\/div>\n\t\t<\/div>\n\t\t\t\t<\/div>\n\t\t\t\t\t<\/div>\n\t\t\t\t<\/div>\n\t\t<div class=\"elementor-element elementor-element-b2a20c9 e-flex e-con-boxed e-con e-parent\" data-id=\"b2a20c9\" data-element_type=\"container\" data-core-v316-plus=\"true\">\n\t\t\t\t\t<div class=\"e-con-inner\">\n\t\t<div class=\"elementor-element elementor-element-6f58746 e-con-full e-flex e-con e-child\" data-id=\"6f58746\" data-element_type=\"container\">\n\t\t\t\t<div class=\"elementor-element elementor-element-ea14cb0 elementor-widget elementor-widget-heading\" data-id=\"ea14cb0\" data-element_type=\"widget\" data-widget_type=\"heading.default\">\n\t\t\t\t<div class=\"elementor-widget-container\">\n\t\t\t<style>\/*! elementor - v3.20.0 - 20-03-2024 *\/\n.elementor-heading-title{padding:0;margin:0;line-height:1}.elementor-widget-heading .elementor-heading-title[class*=elementor-size-]>a{color:inherit;font-size:inherit;line-height:inherit}.elementor-widget-heading .elementor-heading-title.elementor-size-small{font-size:15px}.elementor-widget-heading .elementor-heading-title.elementor-size-medium{font-size:19px}.elementor-widget-heading .elementor-heading-title.elementor-size-large{font-size:29px}.elementor-widget-heading .elementor-heading-title.elementor-size-xl{font-size:39px}.elementor-widget-heading .elementor-heading-title.elementor-size-xxl{font-size:59px}<\/style><h2 class=\"elementor-heading-title elementor-size-default\">WHAT IS HYDATIC CYST?<\/h2>\t\t<\/div>\n\t\t\t\t<\/div>\n\t\t\t\t<\/div>\n\t\t<div class=\"elementor-element elementor-element-cc99a02 e-con-full e-flex e-con e-child\" data-id=\"cc99a02\" data-element_type=\"container\">\n\t\t\t\t<div class=\"elementor-element elementor-element-28e3f7a elementor-widget elementor-widget-stm_icon_button\" data-id=\"28e3f7a\" data-element_type=\"widget\" data-widget_type=\"stm_icon_button.default\">\n\t\t\t\t<div class=\"elementor-widget-container\">\n\t\t\t\n\t<div class=\"heading_font text-left  masterstudy_elementor_icon_button_ btn_number_96081\">\n\t\t<a href=\"http:\/\/hidatidoloji.org\/wp-content\/uploads\/2024\/01\/WHAT-IS-HYDATIC-CYST.pdf\" class=\"icon-btn\" title=\"\" style=\"color:; border-color:;\" >\n\t\t\t\t\t\t\t\t\t\t\t\t<i class=\"fa  far fa-arrow-alt-circle-down icon_in_btn\" style=\"color:; border-color:; font-size:20px;\"><\/i>\n\t\t\t\t\t\t\t\t\t\t<span class=\"link-title\" style=\"background-color:;\">Dok\u00fcman \u0130ndir<\/span>\n\t\t<\/a>\n\t<\/div>\n\n<style>\n\t\n\t\n\t\n\t\n\t\n\t\n<\/style>\n\t\t<\/div>\n\t\t\t\t<\/div>\n\t\t\t\t<\/div>\n\t\t\t\t\t<\/div>\n\t\t\t\t<\/div>\n\t\t<div class=\"elementor-element elementor-element-74be324 e-flex e-con-boxed e-con e-parent\" data-id=\"74be324\" data-element_type=\"container\" data-core-v316-plus=\"true\">\n\t\t\t\t\t<div class=\"e-con-inner\">\n\t\t<div class=\"elementor-element elementor-element-5f68809 e-con-full e-flex e-con e-child\" data-id=\"5f68809\" data-element_type=\"container\">\n\t\t\t\t<div class=\"elementor-element elementor-element-2424bf7 elementor-widget elementor-widget-heading\" data-id=\"2424bf7\" data-element_type=\"widget\" data-widget_type=\"heading.default\">\n\t\t\t\t<div class=\"elementor-widget-container\">\n\t\t\t<h2 class=\"elementor-heading-title elementor-size-default\">ECHINOCOCCOSIS<\/h2>\t\t<\/div>\n\t\t\t\t<\/div>\n\t\t\t\t<\/div>\n\t\t<div class=\"elementor-element elementor-element-5c7caee e-con-full e-flex e-con e-child\" data-id=\"5c7caee\" data-element_type=\"container\">\n\t\t\t\t<div class=\"elementor-element elementor-element-11d6995 elementor-widget elementor-widget-stm_icon_button\" data-id=\"11d6995\" data-element_type=\"widget\" data-widget_type=\"stm_icon_button.default\">\n\t\t\t\t<div class=\"elementor-widget-container\">\n\t\t\t\n\t<div class=\"heading_font text-left  masterstudy_elementor_icon_button_ btn_number_23249\">\n\t\t<a href=\"http:\/\/hidatidoloji.org\/wp-content\/uploads\/2024\/01\/ECHINOCOCCOSIS.pdf\" class=\"icon-btn\" title=\"\" style=\"color:; border-color:;\" >\n\t\t\t\t\t\t\t\t\t\t\t\t<i class=\"fa  far fa-arrow-alt-circle-down icon_in_btn\" style=\"color:; border-color:; font-size:20px;\"><\/i>\n\t\t\t\t\t\t\t\t\t\t<span class=\"link-title\" style=\"background-color:;\">DOK\u00dcMAN \u0130ND\u0130R<\/span>\n\t\t<\/a>\n\t<\/div>\n\n<style>\n\t\n\t\n\t\n\t\n\t\n\t\n<\/style>\n\t\t<\/div>\n\t\t\t\t<\/div>\n\t\t\t\t<\/div>\n\t\t\t\t\t<\/div>\n\t\t\t\t<\/div>\n\t\t<div class=\"elementor-element elementor-element-8a72ed5 e-flex e-con-boxed e-con e-parent\" data-id=\"8a72ed5\" data-element_type=\"container\" data-core-v316-plus=\"true\">\n\t\t\t\t\t<div class=\"e-con-inner\">\n\t\t<div class=\"elementor-element elementor-element-cfec7ec e-con-full e-flex e-con e-child\" data-id=\"cfec7ec\" data-element_type=\"container\">\n\t\t\t\t<div class=\"elementor-element elementor-element-4c10697 elementor-widget elementor-widget-heading\" data-id=\"4c10697\" data-element_type=\"widget\" data-widget_type=\"heading.default\">\n\t\t\t\t<div class=\"elementor-widget-container\">\n\t\t\t<h2 class=\"elementor-heading-title elementor-size-default\">K\u0130ST H\u0130DAT\u0130K NED\u0130R?<\/h2>\t\t<\/div>\n\t\t\t\t<\/div>\n\t\t\t\t<\/div>\n\t\t<div class=\"elementor-element elementor-element-151382a e-con-full e-flex e-con e-child\" data-id=\"151382a\" data-element_type=\"container\">\n\t\t\t\t<div class=\"elementor-element elementor-element-1e33a9d elementor-widget elementor-widget-stm_icon_button\" data-id=\"1e33a9d\" data-element_type=\"widget\" data-widget_type=\"stm_icon_button.default\">\n\t\t\t\t<div class=\"elementor-widget-container\">\n\t\t\t\n\t<div class=\"heading_font text-left  masterstudy_elementor_icon_button_ btn_number_40096\">\n\t\t<a href=\"http:\/\/hidatidoloji.org\/wp-content\/uploads\/2024\/01\/KIST-HIDATIK.pdf\" class=\"icon-btn\" title=\"\" style=\"color:; border-color:;\" >\n\t\t\t\t\t\t\t\t\t\t\t\t<i class=\"fa  far fa-arrow-alt-circle-down icon_in_btn\" style=\"color:; border-color:; font-size:20px;\"><\/i>\n\t\t\t\t\t\t\t\t\t\t<span class=\"link-title\" style=\"background-color:;\">DOK\u00dcMAN \u0130ND\u0130R<\/span>\n\t\t<\/a>\n\t<\/div>\n\n<style>\n\t\n\t\n\t\n\t\n\t\n\t\n<\/style>\n\t\t<\/div>\n\t\t\t\t<\/div>\n\t\t\t\t<\/div>\n\t\t\t\t\t<\/div>\n\t\t\t\t<\/div>\n\t\t<div class=\"elementor-element elementor-element-3896430 e-flex e-con-boxed e-con e-parent\" data-id=\"3896430\" data-element_type=\"container\" data-core-v316-plus=\"true\">\n\t\t\t\t\t<div class=\"e-con-inner\">\n\t\t<div class=\"elementor-element elementor-element-ed78359 e-con-full e-flex e-con e-child\" data-id=\"ed78359\" data-element_type=\"container\">\n\t\t\t\t<div class=\"elementor-element elementor-element-c351cc9 elementor-widget elementor-widget-heading\" data-id=\"c351cc9\" data-element_type=\"widget\" data-widget_type=\"heading.default\">\n\t\t\t\t<div class=\"elementor-widget-container\">\n\t\t\t<h2 class=\"elementor-heading-title elementor-size-default\">H\u0130DAT\u0130DOZ VE HALK SA\u011eLI\u011eI Y\u00d6N\u00dcNDEN \u00d6NEM\u0130<\/h2>\t\t<\/div>\n\t\t\t\t<\/div>\n\t\t\t\t<\/div>\n\t\t<div class=\"elementor-element elementor-element-242593e e-con-full e-flex e-con e-child\" data-id=\"242593e\" data-element_type=\"container\">\n\t\t\t\t<div class=\"elementor-element elementor-element-a048ef4 elementor-widget elementor-widget-stm_icon_button\" data-id=\"a048ef4\" data-element_type=\"widget\" data-widget_type=\"stm_icon_button.default\">\n\t\t\t\t<div class=\"elementor-widget-container\">\n\t\t\t\n\t<div class=\"heading_font text-left  masterstudy_elementor_icon_button_ btn_number_26992\">\n\t\t<a href=\"http:\/\/hidatidoloji.org\/wp-content\/uploads\/2024\/01\/HIDATIDOZ-VE-HALK-SAGLIGI-YONUNDEN-ONEMI.pdf\" class=\"icon-btn\" title=\"\" style=\"color:; border-color:;\" >\n\t\t\t\t\t\t\t\t\t\t\t\t<i class=\"fa  far fa-arrow-alt-circle-down icon_in_btn\" style=\"color:; border-color:; font-size:20px;\"><\/i>\n\t\t\t\t\t\t\t\t\t\t<span class=\"link-title\" style=\"background-color:;\">DOK\u00dcMAN \u0130ND\u0130R<\/span>\n\t\t<\/a>\n\t<\/div>\n\n<style>\n\t\n\t\n\t\n\t\n\t\n\t\n<\/style>\n\t\t<\/div>\n\t\t\t\t<\/div>\n\t\t\t\t<\/div>\n\t\t\t\t\t<\/div>\n\t\t\t\t<\/div>\n\t\t<div class=\"elementor-element elementor-element-73d553f e-flex e-con-boxed e-con e-parent\" data-id=\"73d553f\" data-element_type=\"container\" data-core-v316-plus=\"true\">\n\t\t\t\t\t<div class=\"e-con-inner\">\n\t\t<div class=\"elementor-element elementor-element-2068f4d e-con-full e-flex e-con e-child\" data-id=\"2068f4d\" data-element_type=\"container\">\n\t\t\t\t<div class=\"elementor-element elementor-element-e2b435a elementor-widget elementor-widget-heading\" data-id=\"e2b435a\" data-element_type=\"widget\" data-widget_type=\"heading.default\">\n\t\t\t\t<div class=\"elementor-widget-container\">\n\t\t\t<h2 class=\"elementor-heading-title elementor-size-default\">SAHA REHBER\u0130<\/h2>\t\t<\/div>\n\t\t\t\t<\/div>\n\t\t\t\t<\/div>\n\t\t<div class=\"elementor-element elementor-element-1ec8a49 e-con-full e-flex e-con e-child\" data-id=\"1ec8a49\" data-element_type=\"container\">\n\t\t\t\t<div class=\"elementor-element elementor-element-5bce5b2 elementor-widget elementor-widget-stm_icon_button\" data-id=\"5bce5b2\" data-element_type=\"widget\" data-widget_type=\"stm_icon_button.default\">\n\t\t\t\t<div class=\"elementor-widget-container\">\n\t\t\t\n\t<div class=\"heading_font text-left  masterstudy_elementor_icon_button_ btn_number_15627\">\n\t\t<a href=\"http:\/\/hidatidoloji.org\/wp-content\/uploads\/2024\/01\/SAHA-REHBERI.pdf\" class=\"icon-btn\" title=\"\" style=\"color:; border-color:;\" >\n\t\t\t\t\t\t\t\t\t\t\t\t<i class=\"fa  far fa-arrow-alt-circle-down icon_in_btn\" style=\"color:; border-color:; font-size:20px;\"><\/i>\n\t\t\t\t\t\t\t\t\t\t<span class=\"link-title\" style=\"background-color:;\">DOK\u00dcMAN \u0130ND\u0130R<\/span>\n\t\t<\/a>\n\t<\/div>\n\n<style>\n\t\n\t\n\t\n\t\n\t\n\t\n<\/style>\n\t\t<\/div>\n\t\t\t\t<\/div>\n\t\t\t\t<\/div>\n\t\t\t\t\t<\/div>\n\t\t\t\t<\/div>\n\t\t<div class=\"elementor-element elementor-element-ef71a49 e-con-full e-flex e-con e-parent\" data-id=\"ef71a49\" data-element_type=\"container\" data-core-v316-plus=\"true\">\n\t\t<div class=\"elementor-element elementor-element-63336c7 e-con-full e-flex e-con e-child\" data-id=\"63336c7\" data-element_type=\"container\">\n\t\t\t\t<div class=\"elementor-element elementor-element-2301c74 elementor-widget__width-initial elementor-widget elementor-widget-heading\" data-id=\"2301c74\" data-element_type=\"widget\" data-widget_type=\"heading.default\">\n\t\t\t\t<div class=\"elementor-widget-container\">\n\t\t\t<h2 class=\"elementor-heading-title elementor-size-default\">T\u00dcRK\u0130YE\u2019DEN K\u0130ST H\u0130DAT\u0130K KONUSUNDA YAPILMI\u015e YAYINLARIN ANAL\u0130Z\u0130<\/h2>\t\t<\/div>\n\t\t\t\t<\/div>\n\t\t\t\t<\/div>\n\t\t<div class=\"elementor-element elementor-element-dcc074a e-con-full e-flex e-con e-child\" data-id=\"dcc074a\" data-element_type=\"container\">\n\t\t\t\t<div class=\"elementor-element elementor-element-879e28b elementor-widget elementor-widget-stm_icon_button\" data-id=\"879e28b\" data-element_type=\"widget\" data-widget_type=\"stm_icon_button.default\">\n\t\t\t\t<div class=\"elementor-widget-container\">\n\t\t\t\n\t<div class=\"heading_font text-left  masterstudy_elementor_icon_button_ btn_number_95378\">\n\t\t<a href=\"http:\/\/hidatidoloji.org\/wp-content\/uploads\/2024\/01\/TURKIYEDEN-KIST-HIDATIK-KONUSUNDA-YAPILMIS-YAYINLARIN-ANALIZI.pdf\" class=\"icon-btn\" title=\"\" style=\"color:; border-color:;\" >\n\t\t\t\t\t\t\t\t\t\t\t\t<i class=\"fa  far fa-arrow-alt-circle-down icon_in_btn\" style=\"color:; border-color:; font-size:20px;\"><\/i>\n\t\t\t\t\t\t\t\t\t\t<span class=\"link-title\" style=\"background-color:;\">DOK\u00dcMAN \u0130ND\u0130R<\/span>\n\t\t<\/a>\n\t<\/div>\n\n<style>\n\t\n\t\n\t\n\t\n\t\n\t\n<\/style>\n\t\t<\/div>\n\t\t\t\t<\/div>\n\t\t\t\t<\/div>\n\t\t\t\t<\/div>\n\t\t\t\t<\/div>\n\t\t","protected":false},"excerpt":{"rendered":"<p>WHAT IS HYDATIC CYST? Dok\u00fcman \u0130ndir ECHINOCOCCOSIS DOK\u00dcMAN \u0130ND\u0130R K\u0130ST H\u0130DAT\u0130K NED\u0130R? DOK\u00dcMAN \u0130ND\u0130R H\u0130DAT\u0130DOZ VE HALK SA\u011eLI\u011eI Y\u00d6N\u00dcNDEN \u00d6NEM\u0130 DOK\u00dcMAN \u0130ND\u0130R SAHA REHBER\u0130 DOK\u00dcMAN \u0130ND\u0130R T\u00dcRK\u0130YE\u2019DEN K\u0130ST H\u0130DAT\u0130K KONUSUNDA YAPILMI\u015e YAYINLARIN ANAL\u0130Z\u0130 DOK\u00dcMAN \u0130ND\u0130R<\/p>\n","protected":false},"author":1,"featured_media":0,"parent":0,"menu_order":0,"comment_status":"closed","ping_status":"closed","template":"","meta":{"footnotes":""},"_links":{"self":[{"href":"http:\/\/hidatidoloji.org\/index.php?rest_route=\/wp\/v2\/pages\/5709"}],"collection":[{"href":"http:\/\/hidatidoloji.org\/index.php?rest_route=\/wp\/v2\/pages"}],"about":[{"href":"http:\/\/hidatidoloji.org\/index.php?rest_route=\/wp\/v2\/types\/page"}],"author":[{"embeddable":true,"href":"http:\/\/hidatidoloji.org\/index.php?rest_route=\/wp\/v2\/users\/1"}],"replies":[{"embeddable":true,"href":"http:\/\/hidatidoloji.org\/index.php?rest_route=%2Fwp%2Fv2%2Fcomments&post=5709"}],"version-history":[{"count":79,"href":"http:\/\/hidatidoloji.org\/index.php?rest_route=\/wp\/v2\/pages\/5709\/revisions"}],"predecessor-version":[{"id":6024,"href":"http:\/\/hidatidoloji.org\/index.php?rest_route=\/wp\/v2\/pages\/5709\/revisions\/6024"}],"wp:attachment":[{"href":"http:\/\/hidatidoloji.org\/index.php?rest_route=%2Fwp%2Fv2%2Fmedia&parent=5709"}],"curies":[{"name":"wp","href":"https:\/\/api.w.org\/{rel}","templated":true}]}}