{"id":5699,"date":"2024-01-30T12:47:42","date_gmt":"2024-01-30T12:47:42","guid":{"rendered":"http:\/\/hidatidoloji.org\/?page_id=5699"},"modified":"2024-01-31T09:01:03","modified_gmt":"2024-01-31T09:01:03","slug":"onam-formlari","status":"publish","type":"page","link":"http:\/\/hidatidoloji.org\/?page_id=5699","title":{"rendered":"ONAM FORMLARI"},"content":{"rendered":"\t\t<div data-elementor-type=\"wp-page\" data-elementor-id=\"5699\" class=\"elementor elementor-5699\">\n\t\t\t\t<div class=\"elementor-element elementor-element-db85866 e-flex e-con-boxed e-con e-parent\" data-id=\"db85866\" data-element_type=\"container\" data-core-v316-plus=\"true\">\n\t\t\t\t\t<div class=\"e-con-inner\">\n\t\t<div class=\"elementor-element elementor-element-a7dbb2b e-con-full e-flex e-con e-child\" data-id=\"a7dbb2b\" data-element_type=\"container\">\n\t\t\t\t<div class=\"elementor-element elementor-element-3757b7c elementor-widget elementor-widget-heading\" data-id=\"3757b7c\" data-element_type=\"widget\" data-widget_type=\"heading.default\">\n\t\t\t\t<div class=\"elementor-widget-container\">\n\t\t\t<style>\/*! elementor - v3.20.0 - 20-03-2024 *\/\n.elementor-heading-title{padding:0;margin:0;line-height:1}.elementor-widget-heading .elementor-heading-title[class*=elementor-size-]>a{color:inherit;font-size:inherit;line-height:inherit}.elementor-widget-heading .elementor-heading-title.elementor-size-small{font-size:15px}.elementor-widget-heading .elementor-heading-title.elementor-size-medium{font-size:19px}.elementor-widget-heading .elementor-heading-title.elementor-size-large{font-size:29px}.elementor-widget-heading .elementor-heading-title.elementor-size-xl{font-size:39px}.elementor-widget-heading .elementor-heading-title.elementor-size-xxl{font-size:59px}<\/style><h2 class=\"elementor-heading-title elementor-size-default\"><span style=\"text-align: var(--text-align);\">Karaci\u011fer Kist Hidatik Cerrahisi Onam Formu<\/span><\/h2>\t\t<\/div>\n\t\t\t\t<\/div>\n\t\t\t\t<\/div>\n\t\t<div class=\"elementor-element elementor-element-ed3e592 e-con-full e-flex e-con e-child\" data-id=\"ed3e592\" data-element_type=\"container\">\n\t\t\t\t<div class=\"elementor-element elementor-element-5d8475e elementor-widget elementor-widget-button\" data-id=\"5d8475e\" data-element_type=\"widget\" data-widget_type=\"button.default\">\n\t\t\t\t<div class=\"elementor-widget-container\">\n\t\t\t\t\t<div class=\"elementor-button-wrapper icon_align_  \">\n\t\t\t<a class=\"elementor-button elementor-button-link elementor-size-sm\" href=\"http:\/\/hidatidoloji.org\/wp-content\/uploads\/2024\/01\/Karaciger-Kist-Hidatik-Cerrahisi-Onam-Formu-1.pdf\" target=\"_blank\">\n\t\t\t\t\t\t<span class=\"elementor-button-content-wrapper\">\n\t\t\t\t\t\t<span class=\"elementor-button-text\">Formu \u0130ndir<\/span>\n\t\t<\/span>\n\t\t\t\t\t<\/a>\n\t\t<\/div>\n\t\t\t\t<\/div>\n\t\t\t\t<\/div>\n\t\t\t\t<\/div>\n\t\t\t\t\t<\/div>\n\t\t\t\t<\/div>\n\t\t<div class=\"elementor-element elementor-element-21e7aac e-flex e-con-boxed e-con e-parent\" data-id=\"21e7aac\" data-element_type=\"container\" data-core-v316-plus=\"true\">\n\t\t\t\t\t<div class=\"e-con-inner\">\n\t\t<div class=\"elementor-element elementor-element-0bb30be e-con-full e-flex e-con e-child\" data-id=\"0bb30be\" data-element_type=\"container\">\n\t\t\t\t<div class=\"elementor-element elementor-element-982d73b elementor-widget elementor-widget-heading\" data-id=\"982d73b\" data-element_type=\"widget\" data-widget_type=\"heading.default\">\n\t\t\t\t<div class=\"elementor-widget-container\">\n\t\t\t<h2 class=\"elementor-heading-title elementor-size-default\">Akci\u011fer Kist Hidatik Cerrahisi Onam Formu<\/h2>\t\t<\/div>\n\t\t\t\t<\/div>\n\t\t\t\t<\/div>\n\t\t<div class=\"elementor-element elementor-element-bedbef2 e-con-full e-flex e-con e-child\" data-id=\"bedbef2\" data-element_type=\"container\">\n\t\t\t\t<div class=\"elementor-element elementor-element-9d31be7 elementor-widget elementor-widget-button\" data-id=\"9d31be7\" data-element_type=\"widget\" data-widget_type=\"button.default\">\n\t\t\t\t<div class=\"elementor-widget-container\">\n\t\t\t\t\t<div class=\"elementor-button-wrapper icon_align_  \">\n\t\t\t<a class=\"elementor-button elementor-button-link elementor-size-sm\" href=\"http:\/\/hidatidoloji.org\/wp-content\/uploads\/2024\/01\/Akciger-Kist-Hidatik-Cerrahisi-Onam-Formu.pdf\" target=\"_blank\">\n\t\t\t\t\t\t<span class=\"elementor-button-content-wrapper\">\n\t\t\t\t\t\t<span class=\"elementor-button-text\">Formu \u0130ndir<\/span>\n\t\t<\/span>\n\t\t\t\t\t<\/a>\n\t\t<\/div>\n\t\t\t\t<\/div>\n\t\t\t\t<\/div>\n\t\t\t\t<\/div>\n\t\t\t\t\t<\/div>\n\t\t\t\t<\/div>\n\t\t\t\t<\/div>\n\t\t","protected":false},"excerpt":{"rendered":"<p>Karaci\u011fer Kist Hidatik Cerrahisi Onam Formu Formu \u0130ndir Akci\u011fer Kist Hidatik Cerrahisi Onam Formu Formu \u0130ndir<\/p>\n","protected":false},"author":1,"featured_media":0,"parent":0,"menu_order":0,"comment_status":"closed","ping_status":"closed","template":"","meta":{"footnotes":""},"_links":{"self":[{"href":"http:\/\/hidatidoloji.org\/index.php?rest_route=\/wp\/v2\/pages\/5699"}],"collection":[{"href":"http:\/\/hidatidoloji.org\/index.php?rest_route=\/wp\/v2\/pages"}],"about":[{"href":"http:\/\/hidatidoloji.org\/index.php?rest_route=\/wp\/v2\/types\/page"}],"author":[{"embeddable":true,"href":"http:\/\/hidatidoloji.org\/index.php?rest_route=\/wp\/v2\/users\/1"}],"replies":[{"embeddable":true,"href":"http:\/\/hidatidoloji.org\/index.php?rest_route=%2Fwp%2Fv2%2Fcomments&post=5699"}],"version-history":[{"count":16,"href":"http:\/\/hidatidoloji.org\/index.php?rest_route=\/wp\/v2\/pages\/5699\/revisions"}],"predecessor-version":[{"id":5803,"href":"http:\/\/hidatidoloji.org\/index.php?rest_route=\/wp\/v2\/pages\/5699\/revisions\/5803"}],"wp:attachment":[{"href":"http:\/\/hidatidoloji.org\/index.php?rest_route=%2Fwp%2Fv2%2Fmedia&parent=5699"}],"curies":[{"name":"wp","href":"https:\/\/api.w.org\/{rel}","templated":true}]}}