{"id":5333,"date":"2024-01-25T07:40:06","date_gmt":"2024-01-25T07:40:06","guid":{"rendered":"http:\/\/hidatidoloji.org\/?page_id=5333"},"modified":"2024-10-22T13:31:28","modified_gmt":"2024-10-22T13:31:28","slug":"gecmis-kongreler","status":"publish","type":"page","link":"http:\/\/hidatidoloji.org\/?page_id=5333","title":{"rendered":"Ge\u00e7mi\u015f Kongreler"},"content":{"rendered":"\t\t<div data-elementor-type=\"wp-page\" data-elementor-id=\"5333\" class=\"elementor elementor-5333\">\n\t\t\t\t<div class=\"elementor-element elementor-element-2d76a6b e-flex e-con-boxed e-con e-parent\" data-id=\"2d76a6b\" data-element_type=\"container\" data-core-v316-plus=\"true\">\n\t\t\t\t\t<div class=\"e-con-inner\">\n\t\t<div class=\"elementor-element elementor-element-09622aa e-con-full e-flex e-con e-child\" data-id=\"09622aa\" data-element_type=\"container\">\n\t\t\t\t<div class=\"elementor-element elementor-element-68f8f69 elementor-invisible elementor-widget elementor-widget-heading\" data-id=\"68f8f69\" data-element_type=\"widget\" data-settings=\"{&quot;_animation&quot;:&quot;fadeIn&quot;,&quot;_animation_delay&quot;:3}\" data-widget_type=\"heading.default\">\n\t\t\t\t<div class=\"elementor-widget-container\">\n\t\t\t<style>\/*! elementor - v3.20.0 - 20-03-2024 *\/\n.elementor-heading-title{padding:0;margin:0;line-height:1}.elementor-widget-heading .elementor-heading-title[class*=elementor-size-]>a{color:inherit;font-size:inherit;line-height:inherit}.elementor-widget-heading .elementor-heading-title.elementor-size-small{font-size:15px}.elementor-widget-heading .elementor-heading-title.elementor-size-medium{font-size:19px}.elementor-widget-heading .elementor-heading-title.elementor-size-large{font-size:29px}.elementor-widget-heading .elementor-heading-title.elementor-size-xl{font-size:39px}.elementor-widget-heading .elementor-heading-title.elementor-size-xxl{font-size:59px}<\/style><h2 class=\"elementor-heading-title elementor-size-default\">10.Ulusal ve 3.Uluslararas\u0131 Hidatidoloji Kongresi<\/h2>\t\t<\/div>\n\t\t\t\t<\/div>\n\t\t\t\t<\/div>\n\t\t<div class=\"elementor-element elementor-element-09f4345 e-con-full e-flex e-con e-child\" data-id=\"09f4345\" data-element_type=\"container\">\n\t\t\t\t<div class=\"elementor-element elementor-element-e41c6f8 elementor-widget elementor-widget-heading\" data-id=\"e41c6f8\" data-element_type=\"widget\" data-widget_type=\"heading.default\">\n\t\t\t\t<div class=\"elementor-widget-container\">\n\t\t\t<h2 class=\"elementor-heading-title elementor-size-default\">11.Ulusal ve 4.Uluslararas\u0131 Hidatidoloji Kongresi<\/h2>\t\t<\/div>\n\t\t\t\t<\/div>\n\t\t\t\t<\/div>\n\t\t<div class=\"elementor-element elementor-element-d2c389a e-con-full e-flex e-con e-child\" data-id=\"d2c389a\" data-element_type=\"container\">\n\t\t\t\t<div class=\"elementor-element elementor-element-1e6ec6c elementor-widget elementor-widget-heading\" data-id=\"1e6ec6c\" data-element_type=\"widget\" data-widget_type=\"heading.default\">\n\t\t\t\t<div class=\"elementor-widget-container\">\n\t\t\t<h2 class=\"elementor-heading-title elementor-size-default\"><span style=\"text-align: var(--text-align);\">11.Ulusal ve 4.Uluslararas\u0131 Hidatidoloji Kongresi Foto\u011fraf Galerisi<\/span><\/h2>\t\t<\/div>\n\t\t\t\t<\/div>\n\t\t\t\t<\/div>\n\t\t<div class=\"elementor-element elementor-element-c6d0083 e-con-full e-flex e-con e-child\" data-id=\"c6d0083\" data-element_type=\"container\">\n\t\t\t\t<div class=\"elementor-element elementor-element-3fe0766 elementor-widget elementor-widget-image\" data-id=\"3fe0766\" data-element_type=\"widget\" data-widget_type=\"image.default\">\n\t\t\t\t<div class=\"elementor-widget-container\">\n\t\t\t<style>\/*! elementor - v3.20.0 - 20-03-2024 *\/\n.elementor-widget-image{text-align:center}.elementor-widget-image a{display:inline-block}.elementor-widget-image a img[src$=\".svg\"]{width:48px}.elementor-widget-image img{vertical-align:middle;display:inline-block}<\/style>\t\t\t\t\t\t\t\t\t\t\t<a href=\"http:\/\/hidatidoloji.org\/wp-content\/uploads\/2024\/01\/10.Ulusal-ve-3.Uluslararasi-Hidatidoloji-Kongresi-4-6-Subat-2022-Izmir.pdf\" target=\"_blank\">\n\t\t\t\t\t\t\t<img fetchpriority=\"high\" decoding=\"async\" width=\"300\" height=\"300\" src=\"http:\/\/hidatidoloji.org\/wp-content\/uploads\/2024\/01\/izmir1-300x300.jpg\" class=\"attachment-medium size-medium wp-image-5354\" alt=\"\" srcset=\"http:\/\/hidatidoloji.org\/wp-content\/uploads\/2024\/01\/izmir1-300x300.jpg 300w, http:\/\/hidatidoloji.org\/wp-content\/uploads\/2024\/01\/izmir1-150x150.jpg 150w, http:\/\/hidatidoloji.org\/wp-content\/uploads\/2024\/01\/izmir1-129x129.jpg 129w, http:\/\/hidatidoloji.org\/wp-content\/uploads\/2024\/01\/izmir1-75x75.jpg 75w, http:\/\/hidatidoloji.org\/wp-content\/uploads\/2024\/01\/izmir1-69x69.jpg 69w, http:\/\/hidatidoloji.org\/wp-content\/uploads\/2024\/01\/izmir1-100x100.jpg 100w, http:\/\/hidatidoloji.org\/wp-content\/uploads\/2024\/01\/izmir1.jpg 480w\" sizes=\"(max-width: 300px) 100vw, 300px\" \/>\t\t\t\t\t\t\t\t<\/a>\n\t\t\t\t\t\t\t\t\t\t\t\t\t<\/div>\n\t\t\t\t<\/div>\n\t\t\t\t<\/div>\n\t\t<div class=\"elementor-element elementor-element-1dfbec1 e-con-full e-flex e-con e-child\" data-id=\"1dfbec1\" data-element_type=\"container\">\n\t\t\t\t<div class=\"elementor-element elementor-element-8288c52 elementor-widget elementor-widget-image\" data-id=\"8288c52\" data-element_type=\"widget\" data-widget_type=\"image.default\">\n\t\t\t\t<div class=\"elementor-widget-container\">\n\t\t\t\t\t\t\t\t\t\t\t\t\t\t<a href=\"http:\/\/hidatidoloji.org\/wp-content\/uploads\/2024\/10\/kongre.pdf\">\n\t\t\t\t\t\t\t<img decoding=\"async\" width=\"300\" height=\"300\" src=\"http:\/\/hidatidoloji.org\/wp-content\/uploads\/2024\/10\/e1-1.jpg\" class=\"attachment-large size-large wp-image-7020\" alt=\"\" srcset=\"http:\/\/hidatidoloji.org\/wp-content\/uploads\/2024\/10\/e1-1.jpg 300w, http:\/\/hidatidoloji.org\/wp-content\/uploads\/2024\/10\/e1-1-150x150.jpg 150w, http:\/\/hidatidoloji.org\/wp-content\/uploads\/2024\/10\/e1-1-129x129.jpg 129w, http:\/\/hidatidoloji.org\/wp-content\/uploads\/2024\/10\/e1-1-75x75.jpg 75w, http:\/\/hidatidoloji.org\/wp-content\/uploads\/2024\/10\/e1-1-69x69.jpg 69w\" sizes=\"(max-width: 300px) 100vw, 300px\" \/>\t\t\t\t\t\t\t\t<\/a>\n\t\t\t\t\t\t\t\t\t\t\t\t\t<\/div>\n\t\t\t\t<\/div>\n\t\t\t\t<\/div>\n\t\t<div class=\"elementor-element elementor-element-7c73654 e-con-full e-flex e-con e-child\" data-id=\"7c73654\" data-element_type=\"container\">\n\t\t\t\t<div class=\"elementor-element elementor-element-44027b7 elementor-widget elementor-widget-image\" data-id=\"44027b7\" data-element_type=\"widget\" data-widget_type=\"image.default\">\n\t\t\t\t<div class=\"elementor-widget-container\">\n\t\t\t\t\t\t\t\t\t\t\t\t\t\t<a href=\"http:\/\/hidatidoloji.org\/?page_id=7032\">\n\t\t\t\t\t\t\t<img decoding=\"async\" width=\"1024\" height=\"768\" src=\"http:\/\/hidatidoloji.org\/wp-content\/uploads\/2024\/10\/de8fb063-9523-4955-ae31-020af0da86a5-1024x768.jpg\" class=\"attachment-large size-large wp-image-7307\" alt=\"\" srcset=\"http:\/\/hidatidoloji.org\/wp-content\/uploads\/2024\/10\/de8fb063-9523-4955-ae31-020af0da86a5-1024x768.jpg 1024w, http:\/\/hidatidoloji.org\/wp-content\/uploads\/2024\/10\/de8fb063-9523-4955-ae31-020af0da86a5-300x225.jpg 300w, http:\/\/hidatidoloji.org\/wp-content\/uploads\/2024\/10\/de8fb063-9523-4955-ae31-020af0da86a5-768x576.jpg 768w, http:\/\/hidatidoloji.org\/wp-content\/uploads\/2024\/10\/de8fb063-9523-4955-ae31-020af0da86a5-1536x1152.jpg 1536w, http:\/\/hidatidoloji.org\/wp-content\/uploads\/2024\/10\/de8fb063-9523-4955-ae31-020af0da86a5-2048x1536.jpg 2048w\" sizes=\"(max-width: 1024px) 100vw, 1024px\" \/>\t\t\t\t\t\t\t\t<\/a>\n\t\t\t\t\t\t\t\t\t\t\t\t\t<\/div>\n\t\t\t\t<\/div>\n\t\t\t\t<\/div>\n\t\t\t\t\t<\/div>\n\t\t\t\t<\/div>\n\t\t<div class=\"elementor-element elementor-element-08a82c1 e-flex e-con-boxed e-con e-parent\" data-id=\"08a82c1\" data-element_type=\"container\" data-core-v316-plus=\"true\">\n\t\t\t\t\t<div class=\"e-con-inner\">\n\t\t<div class=\"elementor-element elementor-element-1e96fdf e-con-full e-flex e-con e-child\" data-id=\"1e96fdf\" data-element_type=\"container\">\n\t\t\t\t<div class=\"elementor-element elementor-element-9757451 elementor-invisible elementor-widget elementor-widget-heading\" data-id=\"9757451\" data-element_type=\"widget\" data-settings=\"{&quot;_animation&quot;:&quot;fadeIn&quot;,&quot;_animation_delay&quot;:3}\" data-widget_type=\"heading.default\">\n\t\t\t\t<div class=\"elementor-widget-container\">\n\t\t\t<h2 class=\"elementor-heading-title elementor-size-default\">7. Ulusal Hidatidoloji Kongresi<\/h2>\t\t<\/div>\n\t\t\t\t<\/div>\n\t\t\t\t<\/div>\n\t\t<div class=\"elementor-element elementor-element-dd195b9 e-con-full e-flex e-con e-child\" data-id=\"dd195b9\" data-element_type=\"container\">\n\t\t\t\t<div class=\"elementor-element elementor-element-d767f6d elementor-invisible elementor-widget elementor-widget-heading\" data-id=\"d767f6d\" data-element_type=\"widget\" data-settings=\"{&quot;_animation&quot;:&quot;fadeIn&quot;,&quot;_animation_delay&quot;:3}\" data-widget_type=\"heading.default\">\n\t\t\t\t<div class=\"elementor-widget-container\">\n\t\t\t<h2 class=\"elementor-heading-title elementor-size-default\">8.Ulusal ve 1.Uluslararas\u0131 Hidatidoloji Kongresi<\/h2>\t\t<\/div>\n\t\t\t\t<\/div>\n\t\t\t\t<\/div>\n\t\t<div class=\"elementor-element elementor-element-fd96047 e-con-full e-flex e-con e-child\" data-id=\"fd96047\" data-element_type=\"container\">\n\t\t\t\t<div class=\"elementor-element elementor-element-7191f7d elementor-invisible elementor-widget elementor-widget-heading\" data-id=\"7191f7d\" data-element_type=\"widget\" data-settings=\"{&quot;_animation&quot;:&quot;fadeIn&quot;,&quot;_animation_delay&quot;:3}\" data-widget_type=\"heading.default\">\n\t\t\t\t<div class=\"elementor-widget-container\">\n\t\t\t<h2 class=\"elementor-heading-title elementor-size-default\">9.Ulusal ve 2.Uluslararas\u0131 Hidatidoloji Kongresi<\/h2>\t\t<\/div>\n\t\t\t\t<\/div>\n\t\t\t\t<\/div>\n\t\t<div class=\"elementor-element elementor-element-8b3d21b e-con-full e-flex e-con e-child\" data-id=\"8b3d21b\" data-element_type=\"container\">\n\t\t\t\t<div class=\"elementor-element elementor-element-7aa230f elementor-invisible elementor-widget elementor-widget-image\" data-id=\"7aa230f\" data-element_type=\"widget\" data-settings=\"{&quot;_animation&quot;:&quot;fadeIn&quot;,&quot;_animation_delay&quot;:3}\" data-widget_type=\"image.default\">\n\t\t\t\t<div class=\"elementor-widget-container\">\n\t\t\t\t\t\t\t\t\t\t\t\t\t\t<a href=\"http:\/\/hidatidoloji.org\/wp-content\/uploads\/2024\/01\/7.Ulusal-Hidatidoloji-Kongresi-4-7-Eylul-2014-Ordu.pdf\" target=\"_blank\">\n\t\t\t\t\t\t\t<img loading=\"lazy\" decoding=\"async\" width=\"300\" height=\"300\" src=\"http:\/\/hidatidoloji.org\/wp-content\/uploads\/2024\/01\/o1-300x300.jpg\" class=\"attachment-medium size-medium wp-image-5347\" alt=\"\" srcset=\"http:\/\/hidatidoloji.org\/wp-content\/uploads\/2024\/01\/o1-300x300.jpg 300w, http:\/\/hidatidoloji.org\/wp-content\/uploads\/2024\/01\/o1-150x150.jpg 150w, http:\/\/hidatidoloji.org\/wp-content\/uploads\/2024\/01\/o1-129x129.jpg 129w, http:\/\/hidatidoloji.org\/wp-content\/uploads\/2024\/01\/o1-75x75.jpg 75w, http:\/\/hidatidoloji.org\/wp-content\/uploads\/2024\/01\/o1-69x69.jpg 69w, http:\/\/hidatidoloji.org\/wp-content\/uploads\/2024\/01\/o1-100x100.jpg 100w, http:\/\/hidatidoloji.org\/wp-content\/uploads\/2024\/01\/o1.jpg 480w\" sizes=\"(max-width: 300px) 100vw, 300px\" \/>\t\t\t\t\t\t\t\t<\/a>\n\t\t\t\t\t\t\t\t\t\t\t\t\t<\/div>\n\t\t\t\t<\/div>\n\t\t\t\t<\/div>\n\t\t<div class=\"elementor-element elementor-element-6755e0f e-con-full e-flex e-con e-child\" data-id=\"6755e0f\" data-element_type=\"container\">\n\t\t\t\t<div class=\"elementor-element elementor-element-5b90989 elementor-widget elementor-widget-image\" data-id=\"5b90989\" data-element_type=\"widget\" data-widget_type=\"image.default\">\n\t\t\t\t<div class=\"elementor-widget-container\">\n\t\t\t\t\t\t\t\t\t\t\t\t\t\t<a href=\"http:\/\/hidatidoloji.org\/wp-content\/uploads\/2024\/01\/8.Ulusal-ve-1.Uluslararasi-Hidatidoloji-Kongresi-13-15-Nisan-2017-Corum.pdf\" target=\"_blank\">\n\t\t\t\t\t\t\t<img loading=\"lazy\" decoding=\"async\" width=\"300\" height=\"300\" src=\"http:\/\/hidatidoloji.org\/wp-content\/uploads\/2024\/01\/c1-300x300.jpg\" class=\"attachment-medium size-medium wp-image-5351\" alt=\"\" srcset=\"http:\/\/hidatidoloji.org\/wp-content\/uploads\/2024\/01\/c1-300x300.jpg 300w, http:\/\/hidatidoloji.org\/wp-content\/uploads\/2024\/01\/c1-150x150.jpg 150w, http:\/\/hidatidoloji.org\/wp-content\/uploads\/2024\/01\/c1-129x129.jpg 129w, http:\/\/hidatidoloji.org\/wp-content\/uploads\/2024\/01\/c1-75x75.jpg 75w, http:\/\/hidatidoloji.org\/wp-content\/uploads\/2024\/01\/c1-69x69.jpg 69w, http:\/\/hidatidoloji.org\/wp-content\/uploads\/2024\/01\/c1-100x100.jpg 100w, http:\/\/hidatidoloji.org\/wp-content\/uploads\/2024\/01\/c1.jpg 480w\" sizes=\"(max-width: 300px) 100vw, 300px\" \/>\t\t\t\t\t\t\t\t<\/a>\n\t\t\t\t\t\t\t\t\t\t\t\t\t<\/div>\n\t\t\t\t<\/div>\n\t\t\t\t<\/div>\n\t\t<div class=\"elementor-element elementor-element-3a200da e-con-full e-flex e-con e-child\" data-id=\"3a200da\" data-element_type=\"container\">\n\t\t\t\t<div class=\"elementor-element elementor-element-f3a02d4 elementor-invisible elementor-widget elementor-widget-image\" data-id=\"f3a02d4\" data-element_type=\"widget\" data-settings=\"{&quot;_animation&quot;:&quot;fadeIn&quot;,&quot;_animation_delay&quot;:3}\" data-widget_type=\"image.default\">\n\t\t\t\t<div class=\"elementor-widget-container\">\n\t\t\t\t\t\t\t\t\t\t\t\t\t\t<a href=\"http:\/\/hidatidoloji.org\/wp-content\/uploads\/2024\/01\/9.Ulusal-ve-2.Uluslararasi-Hidatidoloji-Kongresi-15-17-Kasim-2018-Kuzey-Kibris.pdf\" target=\"_blank\">\n\t\t\t\t\t\t\t<img loading=\"lazy\" decoding=\"async\" width=\"300\" height=\"300\" src=\"http:\/\/hidatidoloji.org\/wp-content\/uploads\/2024\/01\/kibris1-300x300.jpg\" class=\"attachment-medium size-medium wp-image-5353\" alt=\"\" srcset=\"http:\/\/hidatidoloji.org\/wp-content\/uploads\/2024\/01\/kibris1-300x300.jpg 300w, http:\/\/hidatidoloji.org\/wp-content\/uploads\/2024\/01\/kibris1-150x150.jpg 150w, http:\/\/hidatidoloji.org\/wp-content\/uploads\/2024\/01\/kibris1-129x129.jpg 129w, http:\/\/hidatidoloji.org\/wp-content\/uploads\/2024\/01\/kibris1-75x75.jpg 75w, http:\/\/hidatidoloji.org\/wp-content\/uploads\/2024\/01\/kibris1-69x69.jpg 69w, http:\/\/hidatidoloji.org\/wp-content\/uploads\/2024\/01\/kibris1-100x100.jpg 100w, http:\/\/hidatidoloji.org\/wp-content\/uploads\/2024\/01\/kibris1.jpg 480w\" sizes=\"(max-width: 300px) 100vw, 300px\" \/>\t\t\t\t\t\t\t\t<\/a>\n\t\t\t\t\t\t\t\t\t\t\t\t\t<\/div>\n\t\t\t\t<\/div>\n\t\t\t\t<\/div>\n\t\t\t\t\t<\/div>\n\t\t\t\t<\/div>\n\t\t<div class=\"elementor-element elementor-element-35f47e5 e-flex e-con-boxed e-con e-parent\" data-id=\"35f47e5\" data-element_type=\"container\" data-core-v316-plus=\"true\">\n\t\t\t\t\t<div class=\"e-con-inner\">\n\t\t<div class=\"elementor-element elementor-element-a0d66ef e-con-full e-flex e-con e-child\" data-id=\"a0d66ef\" data-element_type=\"container\">\n\t\t\t\t<div class=\"elementor-element elementor-element-f6e5e72 elementor-invisible elementor-widget elementor-widget-heading\" data-id=\"f6e5e72\" data-element_type=\"widget\" data-settings=\"{&quot;_animation&quot;:&quot;fadeIn&quot;,&quot;_animation_delay&quot;:3}\" data-widget_type=\"heading.default\">\n\t\t\t\t<div class=\"elementor-widget-container\">\n\t\t\t<h2 class=\"elementor-heading-title elementor-size-default\">4. Ulusal Hidatidoloji Kongresi<\/h2>\t\t<\/div>\n\t\t\t\t<\/div>\n\t\t\t\t<\/div>\n\t\t<div class=\"elementor-element elementor-element-a563326 e-con-full e-flex e-con e-child\" data-id=\"a563326\" data-element_type=\"container\">\n\t\t\t\t<div class=\"elementor-element elementor-element-854165f elementor-invisible elementor-widget elementor-widget-heading\" data-id=\"854165f\" data-element_type=\"widget\" data-settings=\"{&quot;_animation&quot;:&quot;fadeIn&quot;,&quot;_animation_delay&quot;:3}\" data-widget_type=\"heading.default\">\n\t\t\t\t<div class=\"elementor-widget-container\">\n\t\t\t<h2 class=\"elementor-heading-title elementor-size-default\">5. Ulusal Hidatidoloji Kongresi<\/h2>\t\t<\/div>\n\t\t\t\t<\/div>\n\t\t\t\t<\/div>\n\t\t<div class=\"elementor-element elementor-element-9328b52 e-con-full e-flex e-con e-child\" data-id=\"9328b52\" data-element_type=\"container\">\n\t\t\t\t<div class=\"elementor-element elementor-element-ecca2ee elementor-invisible elementor-widget elementor-widget-heading\" data-id=\"ecca2ee\" data-element_type=\"widget\" data-settings=\"{&quot;_animation&quot;:&quot;fadeIn&quot;,&quot;_animation_delay&quot;:3}\" data-widget_type=\"heading.default\">\n\t\t\t\t<div class=\"elementor-widget-container\">\n\t\t\t<h2 class=\"elementor-heading-title elementor-size-default\">6. Ulusal Hidatidoloji Kongresi<\/h2>\t\t<\/div>\n\t\t\t\t<\/div>\n\t\t\t\t<\/div>\n\t\t<div class=\"elementor-element elementor-element-4ab65af e-con-full e-flex e-con e-child\" data-id=\"4ab65af\" data-element_type=\"container\">\n\t\t\t\t<div class=\"elementor-element elementor-element-36e959c elementor-widget elementor-widget-image\" data-id=\"36e959c\" data-element_type=\"widget\" data-widget_type=\"image.default\">\n\t\t\t\t<div class=\"elementor-widget-container\">\n\t\t\t\t\t\t\t\t\t\t\t\t\t\t<a href=\"http:\/\/hidatidoloji.org\/wp-content\/uploads\/2024\/01\/4.Ulusal-Hidatidoloji-Kongresi-25-28-Haziran-2008-Malatya.pdf\" target=\"_blank\">\n\t\t\t\t\t\t\t<img loading=\"lazy\" decoding=\"async\" width=\"300\" height=\"300\" src=\"http:\/\/hidatidoloji.org\/wp-content\/uploads\/2024\/01\/m1-300x300.jpg\" class=\"attachment-medium size-medium wp-image-5340\" alt=\"\" srcset=\"http:\/\/hidatidoloji.org\/wp-content\/uploads\/2024\/01\/m1-300x300.jpg 300w, http:\/\/hidatidoloji.org\/wp-content\/uploads\/2024\/01\/m1-150x150.jpg 150w, http:\/\/hidatidoloji.org\/wp-content\/uploads\/2024\/01\/m1-129x129.jpg 129w, http:\/\/hidatidoloji.org\/wp-content\/uploads\/2024\/01\/m1-75x75.jpg 75w, http:\/\/hidatidoloji.org\/wp-content\/uploads\/2024\/01\/m1-69x69.jpg 69w, http:\/\/hidatidoloji.org\/wp-content\/uploads\/2024\/01\/m1-100x100.jpg 100w, http:\/\/hidatidoloji.org\/wp-content\/uploads\/2024\/01\/m1.jpg 480w\" sizes=\"(max-width: 300px) 100vw, 300px\" \/>\t\t\t\t\t\t\t\t<\/a>\n\t\t\t\t\t\t\t\t\t\t\t\t\t<\/div>\n\t\t\t\t<\/div>\n\t\t\t\t<\/div>\n\t\t<div class=\"elementor-element elementor-element-2911a7e e-con-full e-flex e-con e-child\" data-id=\"2911a7e\" data-element_type=\"container\">\n\t\t\t\t<div class=\"elementor-element elementor-element-d762b98 elementor-widget elementor-widget-image\" data-id=\"d762b98\" data-element_type=\"widget\" data-widget_type=\"image.default\">\n\t\t\t\t<div class=\"elementor-widget-container\">\n\t\t\t\t\t\t\t\t\t\t<figure class=\"wp-caption\">\n\t\t\t\t\t\t\t\t\t\t\t<a href=\"http:\/\/hidatidoloji.org\/wp-content\/uploads\/2024\/01\/5.Ulusal-Hidatidoloji-Kongresi-22-25-Eylul-2010-Antakya.pdf\" target=\"_blank\">\n\t\t\t\t\t\t\t<img loading=\"lazy\" decoding=\"async\" width=\"300\" height=\"300\" src=\"http:\/\/hidatidoloji.org\/wp-content\/uploads\/2024\/01\/antakya1-300x300.jpg\" class=\"attachment-medium size-medium wp-image-5342\" alt=\"\" srcset=\"http:\/\/hidatidoloji.org\/wp-content\/uploads\/2024\/01\/antakya1-300x300.jpg 300w, http:\/\/hidatidoloji.org\/wp-content\/uploads\/2024\/01\/antakya1-150x150.jpg 150w, http:\/\/hidatidoloji.org\/wp-content\/uploads\/2024\/01\/antakya1-129x129.jpg 129w, http:\/\/hidatidoloji.org\/wp-content\/uploads\/2024\/01\/antakya1-75x75.jpg 75w, http:\/\/hidatidoloji.org\/wp-content\/uploads\/2024\/01\/antakya1-69x69.jpg 69w, http:\/\/hidatidoloji.org\/wp-content\/uploads\/2024\/01\/antakya1-100x100.jpg 100w, http:\/\/hidatidoloji.org\/wp-content\/uploads\/2024\/01\/antakya1.jpg 480w\" sizes=\"(max-width: 300px) 100vw, 300px\" \/>\t\t\t\t\t\t\t\t<\/a>\n\t\t\t\t\t\t\t\t\t\t\t<figcaption class=\"widget-image-caption wp-caption-text\"><\/figcaption>\n\t\t\t\t\t\t\t\t\t\t<\/figure>\n\t\t\t\t\t\t\t<\/div>\n\t\t\t\t<\/div>\n\t\t\t\t<\/div>\n\t\t<div class=\"elementor-element elementor-element-7b562a3 e-con-full e-flex e-con e-child\" data-id=\"7b562a3\" data-element_type=\"container\">\n\t\t\t\t<div class=\"elementor-element elementor-element-0da9cce elementor-widget elementor-widget-image\" data-id=\"0da9cce\" data-element_type=\"widget\" data-widget_type=\"image.default\">\n\t\t\t\t<div class=\"elementor-widget-container\">\n\t\t\t\t\t\t\t\t\t\t\t\t\t\t<a href=\"http:\/\/hidatidoloji.org\/wp-content\/uploads\/2024\/01\/6.Ulusal-Hidatidoloji-Kongresi-Uluslararasi-Katilimli-12-15-Eylul-2012-Gaziantep.pdf\" target=\"_blank\">\n\t\t\t\t\t\t\t<img loading=\"lazy\" decoding=\"async\" width=\"300\" height=\"300\" src=\"http:\/\/hidatidoloji.org\/wp-content\/uploads\/2024\/01\/g1-300x300.jpg\" class=\"attachment-medium size-medium wp-image-5343\" alt=\"\" srcset=\"http:\/\/hidatidoloji.org\/wp-content\/uploads\/2024\/01\/g1-300x300.jpg 300w, http:\/\/hidatidoloji.org\/wp-content\/uploads\/2024\/01\/g1-150x150.jpg 150w, http:\/\/hidatidoloji.org\/wp-content\/uploads\/2024\/01\/g1-129x129.jpg 129w, http:\/\/hidatidoloji.org\/wp-content\/uploads\/2024\/01\/g1-75x75.jpg 75w, http:\/\/hidatidoloji.org\/wp-content\/uploads\/2024\/01\/g1-69x69.jpg 69w, http:\/\/hidatidoloji.org\/wp-content\/uploads\/2024\/01\/g1-100x100.jpg 100w, http:\/\/hidatidoloji.org\/wp-content\/uploads\/2024\/01\/g1.jpg 480w\" sizes=\"(max-width: 300px) 100vw, 300px\" \/>\t\t\t\t\t\t\t\t<\/a>\n\t\t\t\t\t\t\t\t\t\t\t\t\t<\/div>\n\t\t\t\t<\/div>\n\t\t\t\t<\/div>\n\t\t\t\t\t<\/div>\n\t\t\t\t<\/div>\n\t\t\t\t<\/div>\n\t\t","protected":false},"excerpt":{"rendered":"<p>10.Ulusal ve 3.Uluslararas\u0131 Hidatidoloji Kongresi 11.Ulusal ve 4.Uluslararas\u0131 Hidatidoloji Kongresi 11.Ulusal ve 4.Uluslararas\u0131 Hidatidoloji Kongresi Foto\u011fraf Galerisi 7. Ulusal Hidatidoloji Kongresi 8.Ulusal ve 1.Uluslararas\u0131 Hidatidoloji Kongresi 9.Ulusal ve 2.Uluslararas\u0131 Hidatidoloji Kongresi 4. Ulusal Hidatidoloji Kongresi 5. Ulusal Hidatidoloji Kongresi 6. Ulusal Hidatidoloji Kongresi<\/p>\n","protected":false},"author":1,"featured_media":0,"parent":0,"menu_order":0,"comment_status":"closed","ping_status":"closed","template":"","meta":{"footnotes":""},"_links":{"self":[{"href":"http:\/\/hidatidoloji.org\/index.php?rest_route=\/wp\/v2\/pages\/5333"}],"collection":[{"href":"http:\/\/hidatidoloji.org\/index.php?rest_route=\/wp\/v2\/pages"}],"about":[{"href":"http:\/\/hidatidoloji.org\/index.php?rest_route=\/wp\/v2\/types\/page"}],"author":[{"embeddable":true,"href":"http:\/\/hidatidoloji.org\/index.php?rest_route=\/wp\/v2\/users\/1"}],"replies":[{"embeddable":true,"href":"http:\/\/hidatidoloji.org\/index.php?rest_route=%2Fwp%2Fv2%2Fcomments&post=5333"}],"version-history":[{"count":91,"href":"http:\/\/hidatidoloji.org\/index.php?rest_route=\/wp\/v2\/pages\/5333\/revisions"}],"predecessor-version":[{"id":7338,"href":"http:\/\/hidatidoloji.org\/index.php?rest_route=\/wp\/v2\/pages\/5333\/revisions\/7338"}],"wp:attachment":[{"href":"http:\/\/hidatidoloji.org\/index.php?rest_route=%2Fwp%2Fv2%2Fmedia&parent=5333"}],"curies":[{"name":"wp","href":"https:\/\/api.w.org\/{rel}","templated":true}]}}