{"id":5326,"date":"2024-01-25T06:53:51","date_gmt":"2024-01-25T06:53:51","guid":{"rendered":"http:\/\/hidatidoloji.org\/?page_id=5326"},"modified":"2024-02-05T11:03:16","modified_gmt":"2024-02-05T11:03:16","slug":"yeni-uyelik","status":"publish","type":"page","link":"http:\/\/hidatidoloji.org\/?page_id=5326","title":{"rendered":"Yeni \u00dcyelik"},"content":{"rendered":"\t\t<div data-elementor-type=\"wp-page\" data-elementor-id=\"5326\" class=\"elementor elementor-5326\">\n\t\t\t\t<div class=\"elementor-element elementor-element-7cd46a4 e-flex e-con-boxed e-con e-parent\" data-id=\"7cd46a4\" data-element_type=\"container\" data-core-v316-plus=\"true\">\n\t\t\t\t\t<div class=\"e-con-inner\">\n\t\t\t\t<div class=\"elementor-element elementor-element-a4eafc8 elementor-widget elementor-widget-text-editor\" data-id=\"a4eafc8\" data-element_type=\"widget\" data-widget_type=\"text-editor.default\">\n\t\t\t\t<div class=\"elementor-widget-container\">\n\t\t\t<style>\/*! elementor - v3.20.0 - 20-03-2024 *\/\n.elementor-widget-text-editor.elementor-drop-cap-view-stacked .elementor-drop-cap{background-color:#69727d;color:#fff}.elementor-widget-text-editor.elementor-drop-cap-view-framed .elementor-drop-cap{color:#69727d;border:3px solid;background-color:transparent}.elementor-widget-text-editor:not(.elementor-drop-cap-view-default) .elementor-drop-cap{margin-top:8px}.elementor-widget-text-editor:not(.elementor-drop-cap-view-default) .elementor-drop-cap-letter{width:1em;height:1em}.elementor-widget-text-editor .elementor-drop-cap{float:left;text-align:center;line-height:1;font-size:50px}.elementor-widget-text-editor .elementor-drop-cap-letter{display:inline-block}<\/style>\t\t\t\t<p>T\u00fcrkiye Hidatidoloji Derne\u011fi\u2019ne \u00fcye olmak i\u00e7in a\u015fa\u011f\u0131daki \u00fcyelik ba\u015fvuru formunu doldurduktan sonra;<br \/>\u2013 Bir adet vesikal\u0131k foto\u011fraf\u0131n\u0131z\u0131,<br \/>\u2013 \u0130mzal\u0131 ba\u015fvuru dilek\u00e7enizi<br \/><strong>\u201cturkiye.hidatidoloji.dernegi@gmail.com\u201d<\/strong> ve <strong>\u201caysegulunver2@gmail.com\u201d<\/strong><br \/>adresine g\u00f6ndermeniz gerekmektedir.<\/p>\n\t\t\t\t\t\t<\/div>\n\t\t\t\t<\/div>\n\t\t\t\t\t<\/div>\n\t\t\t\t<\/div>\n\t\t<div class=\"elementor-element elementor-element-d9d60f8 e-flex e-con-boxed e-con e-parent\" data-id=\"d9d60f8\" data-element_type=\"container\" data-core-v316-plus=\"true\">\n\t\t\t\t\t<div class=\"e-con-inner\">\n\t\t<div class=\"elementor-element elementor-element-b771677 e-con-full e-flex e-con e-child\" data-id=\"b771677\" data-element_type=\"container\">\n\t\t\t\t<div class=\"elementor-element elementor-element-d26f4cc elementor-widget elementor-widget-heading\" data-id=\"d26f4cc\" data-element_type=\"widget\" data-widget_type=\"heading.default\">\n\t\t\t\t<div class=\"elementor-widget-container\">\n\t\t\t<style>\/*! elementor - v3.20.0 - 20-03-2024 *\/\n.elementor-heading-title{padding:0;margin:0;line-height:1}.elementor-widget-heading .elementor-heading-title[class*=elementor-size-]>a{color:inherit;font-size:inherit;line-height:inherit}.elementor-widget-heading .elementor-heading-title.elementor-size-small{font-size:15px}.elementor-widget-heading .elementor-heading-title.elementor-size-medium{font-size:19px}.elementor-widget-heading .elementor-heading-title.elementor-size-large{font-size:29px}.elementor-widget-heading .elementor-heading-title.elementor-size-xl{font-size:39px}.elementor-widget-heading .elementor-heading-title.elementor-size-xxl{font-size:59px}<\/style><h2 class=\"elementor-heading-title elementor-size-default\"><a href=\"http:\/\/hidatidoloji.org\/wp-content\/uploads\/2024\/02\/uyelikformu.pdf\" target=\"_blank\">\u00dcyelik Formu<\/a><\/h2>\t\t<\/div>\n\t\t\t\t<\/div>\n\t\t\t\t<\/div>\n\t\t<div class=\"elementor-element elementor-element-15dd5cf e-con-full e-flex e-con e-child\" data-id=\"15dd5cf\" data-element_type=\"container\">\n\t\t\t\t<div class=\"elementor-element elementor-element-266bf8b elementor-widget elementor-widget-button\" data-id=\"266bf8b\" data-element_type=\"widget\" data-widget_type=\"button.default\">\n\t\t\t\t<div class=\"elementor-widget-container\">\n\t\t\t\t\t<div class=\"elementor-button-wrapper icon_align_  \">\n\t\t\t<a class=\"elementor-button elementor-button-link elementor-size-sm\" href=\"http:\/\/hidatidoloji.org\/wp-content\/uploads\/2024\/02\/uyelikformu.pdf\" target=\"_blank\">\n\t\t\t\t\t\t<span class=\"elementor-button-content-wrapper\">\n\t\t\t\t\t\t<span class=\"elementor-button-text\">Formu \u0130ndir<\/span>\n\t\t<\/span>\n\t\t\t\t\t<\/a>\n\t\t<\/div>\n\t\t\t\t<\/div>\n\t\t\t\t<\/div>\n\t\t\t\t<\/div>\n\t\t\t\t\t<\/div>\n\t\t\t\t<\/div>\n\t\t\t\t<\/div>\n\t\t","protected":false},"excerpt":{"rendered":"<p>T\u00fcrkiye Hidatidoloji Derne\u011fi\u2019ne \u00fcye olmak i\u00e7in a\u015fa\u011f\u0131daki \u00fcyelik ba\u015fvuru formunu doldurduktan sonra;\u2013 Bir adet vesikal\u0131k foto\u011fraf\u0131n\u0131z\u0131,\u2013 \u0130mzal\u0131 ba\u015fvuru dilek\u00e7enizi\u201cturkiye.hidatidoloji.dernegi@gmail.com\u201d ve \u201caysegulunver2@gmail.com\u201dadresine g\u00f6ndermeniz gerekmektedir. \u00dcyelik Formu Formu \u0130ndir<\/p>\n","protected":false},"author":1,"featured_media":0,"parent":0,"menu_order":0,"comment_status":"closed","ping_status":"closed","template":"","meta":{"footnotes":""},"_links":{"self":[{"href":"http:\/\/hidatidoloji.org\/index.php?rest_route=\/wp\/v2\/pages\/5326"}],"collection":[{"href":"http:\/\/hidatidoloji.org\/index.php?rest_route=\/wp\/v2\/pages"}],"about":[{"href":"http:\/\/hidatidoloji.org\/index.php?rest_route=\/wp\/v2\/types\/page"}],"author":[{"embeddable":true,"href":"http:\/\/hidatidoloji.org\/index.php?rest_route=\/wp\/v2\/users\/1"}],"replies":[{"embeddable":true,"href":"http:\/\/hidatidoloji.org\/index.php?rest_route=%2Fwp%2Fv2%2Fcomments&post=5326"}],"version-history":[{"count":19,"href":"http:\/\/hidatidoloji.org\/index.php?rest_route=\/wp\/v2\/pages\/5326\/revisions"}],"predecessor-version":[{"id":6054,"href":"http:\/\/hidatidoloji.org\/index.php?rest_route=\/wp\/v2\/pages\/5326\/revisions\/6054"}],"wp:attachment":[{"href":"http:\/\/hidatidoloji.org\/index.php?rest_route=%2Fwp%2Fv2%2Fmedia&parent=5326"}],"curies":[{"name":"wp","href":"https:\/\/api.w.org\/{rel}","templated":true}]}}