{"id":5307,"date":"2024-01-25T06:30:40","date_gmt":"2024-01-25T06:30:40","guid":{"rendered":"http:\/\/hidatidoloji.org\/?page_id=5307"},"modified":"2024-01-25T12:39:02","modified_gmt":"2024-01-25T12:39:02","slug":"dernek-kurucu-uyeleri","status":"publish","type":"page","link":"http:\/\/hidatidoloji.org\/?page_id=5307","title":{"rendered":"Dernek Kurucu \u00dcyeleri"},"content":{"rendered":"\t\t<div data-elementor-type=\"wp-page\" data-elementor-id=\"5307\" class=\"elementor elementor-5307\">\n\t\t\t\t<div class=\"elementor-element elementor-element-52092342 e-flex e-con-boxed e-con e-parent\" data-id=\"52092342\" data-element_type=\"container\" data-core-v316-plus=\"true\">\n\t\t\t\t\t<div class=\"e-con-inner\">\n\t\t\t\t<div class=\"elementor-element elementor-element-6411ad61 elementor-widget elementor-widget-text-editor\" data-id=\"6411ad61\" data-element_type=\"widget\" data-widget_type=\"text-editor.default\">\n\t\t\t\t<div class=\"elementor-widget-container\">\n\t\t\t<style>\/*! elementor - v3.20.0 - 20-03-2024 *\/\n.elementor-widget-text-editor.elementor-drop-cap-view-stacked .elementor-drop-cap{background-color:#69727d;color:#fff}.elementor-widget-text-editor.elementor-drop-cap-view-framed .elementor-drop-cap{color:#69727d;border:3px solid;background-color:transparent}.elementor-widget-text-editor:not(.elementor-drop-cap-view-default) .elementor-drop-cap{margin-top:8px}.elementor-widget-text-editor:not(.elementor-drop-cap-view-default) .elementor-drop-cap-letter{width:1em;height:1em}.elementor-widget-text-editor .elementor-drop-cap{float:left;text-align:center;line-height:1;font-size:50px}.elementor-widget-text-editor .elementor-drop-cap-letter{display:inline-block}<\/style>\t\t\t\t<p><!-- wp:image {\"align\":\"center\",\"id\":5309,\"sizeSlug\":\"full\",\"linkDestination\":\"none\"} --><\/p>\n<figure class=\"wp-block-image aligncenter size-full\"><\/figure>\n<p>\u00a0<\/p>\n<p><!-- \/wp:image --><\/p>\n\t\t\t\t\t\t<\/div>\n\t\t\t\t<\/div>\n\t\t\t\t\t<\/div>\n\t\t\t\t<\/div>\n\t\t<div class=\"elementor-element elementor-element-9d764f5 e-con-full e-flex e-con e-parent\" data-id=\"9d764f5\" data-element_type=\"container\" data-core-v316-plus=\"true\">\n\t\t\t\t<div class=\"elementor-element elementor-element-f41c38d elementor-widget elementor-widget-image\" data-id=\"f41c38d\" data-element_type=\"widget\" data-widget_type=\"image.default\">\n\t\t\t\t<div class=\"elementor-widget-container\">\n\t\t\t<style>\/*! elementor - v3.20.0 - 20-03-2024 *\/\n.elementor-widget-image{text-align:center}.elementor-widget-image a{display:inline-block}.elementor-widget-image a img[src$=\".svg\"]{width:48px}.elementor-widget-image img{vertical-align:middle;display:inline-block}<\/style>\t\t\t\t\t\t\t\t\t\t<img fetchpriority=\"high\" decoding=\"async\" width=\"656\" height=\"438\" src=\"http:\/\/hidatidoloji.org\/wp-content\/uploads\/2024\/01\/1-2.jpg\" class=\"attachment-img-1170-500 size-img-1170-500 wp-image-5313\" alt=\"\" srcset=\"http:\/\/hidatidoloji.org\/wp-content\/uploads\/2024\/01\/1-2.jpg 656w, http:\/\/hidatidoloji.org\/wp-content\/uploads\/2024\/01\/1-2-300x200.jpg 300w, http:\/\/hidatidoloji.org\/wp-content\/uploads\/2024\/01\/1-2-270x180.jpg 270w, http:\/\/hidatidoloji.org\/wp-content\/uploads\/2024\/01\/1-2-600x401.jpg 600w\" sizes=\"(max-width: 656px) 100vw, 656px\" \/>\t\t\t\t\t\t\t\t\t\t\t\t\t<\/div>\n\t\t\t\t<\/div>\n\t\t\t\t<\/div>\n\t\t<div class=\"elementor-element elementor-element-2093eb5 e-con-full e-flex e-con e-parent\" data-id=\"2093eb5\" data-element_type=\"container\" data-core-v316-plus=\"true\">\n\t\t\t\t<div class=\"elementor-element elementor-element-e96878e elementor-widget elementor-widget-text-editor\" data-id=\"e96878e\" data-element_type=\"widget\" data-widget_type=\"text-editor.default\">\n\t\t\t\t<div class=\"elementor-widget-container\">\n\t\t\t\t\t\t\t<p><strong>Prof.Dr.Nazmiye Alt\u0131nta\u015f\u00a0<\/strong> \u00a0 \u00a0 \u00a0Ege \u00dcniversitesi T\u0131p Fak\u00fcltesi Parazitoloji Anabilim Dal\u0131 Bornova-\u0130ZM\u0130R<\/p>\n<p><strong>Prof.Dr.Ali \u015e\u00fckr\u00fc Mente\u015f\u00a0\u00a0<\/strong>\u00a0 \u00a0 \u00a0Ege \u00dcniversitesi T\u0131p Fak\u00fcltesi Genel Cerrahi\u00a0 Anabilim Dal\u0131 Bornova- \u0130ZM\u0130R<\/p>\n<p><strong>Prof.Dr.H.Ayd\u0131nten Kuman<\/strong>\u00a0 \u00a0 Ege \u00dcniversitesi T\u0131p Fak\u00fcltesi Parazitoloji Anabilim Dal\u0131 Bornova-\u0130ZM\u0130R<\/p>\n<p><strong>Do\u00e7.Dr.Ali Osman Karababa\u00a0<\/strong> Ege \u00dcniversitesi T\u0131p Fak\u00fcltesi Halk Sa\u011fl\u0131\u011f\u0131 Anabilim Dal\u0131 Bornova-\u0130ZM\u0130R<\/p>\n<p><strong>Do\u00e7.Dr.Refik Killi\u00a0\u00a0\u00a0<\/strong> \u00a0 \u00a0 \u00a0 \u00a0 \u00a0 \u00a0 \u00a0 \u00a0 Ege \u00dcniversitesi T\u0131p Fak\u00fcltesi Radyoloji Anabilim Dal\u0131 Bornova-\u0130ZM\u0130R<\/p>\n<p><strong>Do\u00e7.Dr.\u00d6mer \u00d6z\u00fctemiz\u00a0<\/strong>\u00a0\u00a0 \u00a0 \u00a0 \u00a0Ege \u00dcniversitesi T\u0131p Fak\u00fcltesi Gastroenteroloji Anabilim Dal\u0131 Bornova-\u0130ZM\u0130R<\/p>\n<p><strong>Do\u00e7.Dr.Y\u00fcksel G\u00fcr\u00fcz\u00a0<\/strong> \u00a0 \u00a0 \u00a0 \u00a0 \u00a0 \u00a0 Ege \u00dcniversitesi T\u0131p Fak\u00fcltesi Parazitoloji Anabilim Dal\u0131 Bornova-\u0130ZM\u0130R<\/p>\n<p><strong>Uzm.Dr.Ay\u015feg\u00fcl Yolas\u0131\u011fmaz\u00a0<\/strong> Ege \u00dcniversitesi T\u0131p Fak\u00fcltesi Parazitoloji Anabilim Dal\u0131 Bornova-\u0130ZM\u0130R<\/p>\n\t\t\t\t\t\t<\/div>\n\t\t\t\t<\/div>\n\t\t\t\t<\/div>\n\t\t\t\t<\/div>\n\t\t","protected":false},"excerpt":{"rendered":"<p>Prof.Dr.Nazmiye Alt\u0131nta\u015f\u00a0 \u00a0 \u00a0 \u00a0Ege \u00dcniversitesi T\u0131p Fak\u00fcltesi Parazitoloji Anabilim Dal\u0131 Bornova-\u0130ZM\u0130R Prof.Dr.Ali \u015e\u00fckr\u00fc Mente\u015f\u00a0\u00a0\u00a0 \u00a0 \u00a0Ege \u00dcniversitesi T\u0131p Fak\u00fcltesi Genel Cerrahi\u00a0 Anabilim Dal\u0131 Bornova- \u0130ZM\u0130R Prof.Dr.H.Ayd\u0131nten Kuman\u00a0 \u00a0 Ege \u00dcniversitesi T\u0131p Fak\u00fcltesi Parazitoloji Anabilim Dal\u0131 Bornova-\u0130ZM\u0130R Do\u00e7.Dr.Ali Osman Karababa\u00a0 Ege \u00dcniversitesi T\u0131p Fak\u00fcltesi Halk Sa\u011fl\u0131\u011f\u0131 Anabilim Dal\u0131 Bornova-\u0130ZM\u0130R Do\u00e7.Dr.Refik Killi\u00a0\u00a0\u00a0 \u00a0 \u00a0 \u00a0 \u00a0 [&hellip;]<\/p>\n","protected":false},"author":1,"featured_media":0,"parent":0,"menu_order":0,"comment_status":"closed","ping_status":"closed","template":"","meta":{"footnotes":""},"_links":{"self":[{"href":"http:\/\/hidatidoloji.org\/index.php?rest_route=\/wp\/v2\/pages\/5307"}],"collection":[{"href":"http:\/\/hidatidoloji.org\/index.php?rest_route=\/wp\/v2\/pages"}],"about":[{"href":"http:\/\/hidatidoloji.org\/index.php?rest_route=\/wp\/v2\/types\/page"}],"author":[{"embeddable":true,"href":"http:\/\/hidatidoloji.org\/index.php?rest_route=\/wp\/v2\/users\/1"}],"replies":[{"embeddable":true,"href":"http:\/\/hidatidoloji.org\/index.php?rest_route=%2Fwp%2Fv2%2Fcomments&post=5307"}],"version-history":[{"count":12,"href":"http:\/\/hidatidoloji.org\/index.php?rest_route=\/wp\/v2\/pages\/5307\/revisions"}],"predecessor-version":[{"id":5370,"href":"http:\/\/hidatidoloji.org\/index.php?rest_route=\/wp\/v2\/pages\/5307\/revisions\/5370"}],"wp:attachment":[{"href":"http:\/\/hidatidoloji.org\/index.php?rest_route=%2Fwp%2Fv2%2Fmedia&parent=5307"}],"curies":[{"name":"wp","href":"https:\/\/api.w.org\/{rel}","templated":true}]}}